{"id":75984,"date":"2023-06-23T03:06:40","date_gmt":"2023-06-23T01:06:40","guid":{"rendered":"https:\/\/chmedica.ch\/prodotto\/moniteur-patient-multiparametres-pc-3000\/"},"modified":"2024-01-02T22:44:41","modified_gmt":"2024-01-02T21:44:41","slug":"moniteur-patient-multiparametres-pc-3000","status":"publish","type":"product","link":"https:\/\/chmedica.ch\/fr\/produit\/moniteur-patient-multiparametres-pc-3000\/","title":{"rendered":"MONITEUR PATIENT MULTIPARAM\u00c8TRES PC-3000"},"content":{"rendered":"<p>Surveillance NIBP<br \/>\n\u2022 Mode de mesure: Mesure automatique par m\u00e9thode d\u2019oscillation<br \/>\n\u2022 Temps de gonflage du brassard: &lt;10 secondes (brassard adulte typique)<br \/>\n\u2022 Pression de gonflage initiale du brassard: Mode adulte: &lt;180mmHg Mode enfant: &lt;120mmHg<br \/>\n\u2022 Limite de protection de surpression: Mode adulte: 300mmHg Mode enfant: 240 mmHg<\/p>\n<p>Plage de mesure<br \/>\n\u2022 Pression systolique: Adulte: 40-225 mmHg Enfant: 40-200 mmHg<br \/>\n\u2022 Pression diastolique: Adulte: 20-215 mmHg Enfant: 20-165 mmHg<br \/>\n\u2022 Pression art\u00e9rielle moyenne: Adulte: 10-195 mmHg Enfant: 10-150 mmHg<br \/>\n\u2022 Pr\u00e9cision des mesures: Systolique \u00b110% Diastolique \u00b110% MAP: \u00b110%<br \/>\n\u2022 Mode de mesure: Manuel, Auto, STAT<br \/>\n\u2022 Mesure automatique: 1~240min<br \/>\n\u2022 Intervalles: Tol\u00e9rance d\u2019intervalle: &lt;10s<\/p>\n<p>Surveillance TEMP<br \/>\n\u2022 Plage de mesure, pr\u00e9cision: 25.0\u00b0C~45.0\u00b0C, \u00b10.2\u00b0C<\/p>\n<p>Surveillance SpO2 &amp; pouls<br \/>\n\u2022 Transducteur: LED \u00e0 longueur d\u2019onde double<br \/>\n\u2022 Plage de mesure SpO2: 35%~100%<br \/>\n\u2022 Capacit\u00e9 de perfusion faible: 0.4%~5%<br \/>\n\u2022 Pr\u00e9cision de l\u2019affichage de SpO2: 70%~100% \u00b13%<br \/>\n\u2022 Plage de mesure du pouls: 30bpm~250bpm<br \/>\n\u2022 Pr\u00e9cision de la mesure du pouls: \u00b12bpm<\/p>\n<p>Surveillance ECG<br \/>\n\u2022 Plage de fr\u00e9quence cardiaque: \u00b10,4mVp~\u00b15mVp<br \/>\n\u2022 Gamme d\u2019affichage de fr\u00e9quence cardiaque: 20bpm~250bpm<br \/>\n\u2022 Pr\u00e9cision de l\u2019affichage*: \u00b11% or \u00b1 2 bpm, selon la valeur la plus \u00e9lev\u00e9e<br \/>\n\u2022 Temps de d\u00e9clenchement de l\u2019alarme de fr\u00e9quence cardiaque: =10s<br \/>\n\u2022 S\u00e9lection de la sensibilit\u00e9: Auto, \u00d71\/2, \u00d71, \u00d72, \u00d74 tol\u00e9rance: =5%<br \/>\n\u2022 Vitesse de balayage: 12.5 mm\/s, 25mm\/s, 50mm\/s tol\u00e9rance: =10%<br \/>\n\u2022 Niveau de bruit ECG: =30\u00b5VP-P<br \/>\n\u2022 Boucle de courant d\u2019entr\u00e9e ECG: =0.1\u00b5A<br \/>\n\u2022 Imp\u00e9dance d\u2019entr\u00e9e: =5MO<br \/>\n\u2022 Taux de rejection du mode commun: =89dB<br \/>\n\u2022 Constante de temps: Mode surveillance: =0.3 s<br \/>\n\u2022 Mode diagnostique: =3.2 s<br \/>\n\u2022 R\u00e9ponse en fr\u00e9quence: Mode surveillance: 0,5Hz~25Hz<br \/>\n\u2022 Mode diagnostique: 0.05Hz~75Hz<\/p>\n<p>Surveillance RESP<br \/>\n\u2022 Plage de surveillance, pr\u00e9cision: 0rpm~120rpm, \u00b15% ou 2rpm, selon la valeur la plus \u00e9lev\u00e9e<br \/>\n\u2022 Plage d\u2019alarme RESP: 0bpm~100bpm<br \/>\n\u2022 Tol\u00e9rance de l\u2019alarme: \u00b110%<\/p>\n<p>Autres sp\u00e9cifications techniques<br \/>\n\u2022 Alimentation: 100~250Vac, 50\/60Hz<br \/>\n\u2022 Consommation d\u2019\u00e9nergie: &lt;80 VA<br \/>\n\u2022 Mode d\u2019affichage: \u00e9cran LCD couleur 7 pouces TFT<br \/>\n\u2022 Mode d\u2019alarme: alarme visuelle et auditive<br \/>\n\u2022 Port r\u00e9seau: s\u00e9rie LCD \/ port NET<\/p>\n","protected":false},"excerpt":{"rendered":"<p>Moniteur multiparam\u00e8tres PC-3000:<\/p>\n<p>&#8211; \u00e9cran couleur TFT haute r\u00e9solution 7\u2019\u2019, 5 canaux de trac\u00e9<br \/>\n&#8211; param\u00e8tres standards: ECG, RESP, SpO2, NIBP, 2-TEMP, PR; analyse des arythmies et analyse du segment ST<br \/>\n&#8211; jusqu\u2019\u00e0 800 groupes de donn\u00e9es de param\u00e8tres &amp; 24 heures de sauvegarde et rappel de trac\u00e9s ECG<br \/>\n&#8211; 480 heures de tendances graphiques et tabulaires pour tous les param\u00e8tres<br \/>\n&#8211; affichage simultan\u00e9 de courbes ECG sur 7 canaux<br \/>\n&#8211; protection contre les interf\u00e9rences des d\u00e9fibrillateurs, couteaux \u00e9lectro-chirurgicaux<br \/>\n&#8211; mode de mesure adulte\/p\u00e9diatrique<br \/>\n&#8211; alarmes sonores et visuelles; capacit\u00e9 de r\u00e9seautage<\/p>\n","protected":false},"featured_media":75948,"template":"","meta":{"_acf_changed":false},"product_brand":[],"product_cat":[776,1668],"product_tag":[],"class_list":{"0":"post-75984","1":"product","2":"type-product","3":"status-publish","4":"has-post-thumbnail","6":"product_cat-ecg-moniteur-echographie","7":"product_cat-moniteurs-de-signes-vitaux","9":"first","10":"onbackorder","11":"taxable","12":"shipping-taxable","13":"purchasable","14":"product-type-simple"},"acf":{"fornitore":"GIMA","standard_accessori":"\u2022 1 c\u00e2ble ECG\n\u2022 1 sonde SpO2\n\u2022 1 adaptateur CA\n\u2022 1 batterie Li-ion\n\u2022 1 brassard NIBP\n\u2022 Capteur de temp\u00e9rature de surface corporelle\n\u2022 C\u00e2ble d\u2019alimentation\n\u2022 10 \u00e9lectrodes jetables\n\u2022 Manuel d\u2019utilisation","unita_misura":"1 pz."},"_links":{"self":[{"href":"https:\/\/chmedica.ch\/fr\/wp-json\/wp\/v2\/product\/75984","targetHints":{"allow":["GET"]}}],"collection":[{"href":"https:\/\/chmedica.ch\/fr\/wp-json\/wp\/v2\/product"}],"about":[{"href":"https:\/\/chmedica.ch\/fr\/wp-json\/wp\/v2\/types\/product"}],"wp:featuredmedia":[{"embeddable":true,"href":"https:\/\/chmedica.ch\/fr\/wp-json\/wp\/v2\/media\/75948"}],"wp:attachment":[{"href":"https:\/\/chmedica.ch\/fr\/wp-json\/wp\/v2\/media?parent=75984"}],"wp:term":[{"taxonomy":"product_brand","embeddable":true,"href":"https:\/\/chmedica.ch\/fr\/wp-json\/wp\/v2\/product_brand?post=75984"},{"taxonomy":"product_cat","embeddable":true,"href":"https:\/\/chmedica.ch\/fr\/wp-json\/wp\/v2\/product_cat?post=75984"},{"taxonomy":"product_tag","embeddable":true,"href":"https:\/\/chmedica.ch\/fr\/wp-json\/wp\/v2\/product_tag?post=75984"}],"curies":[{"name":"wp","href":"https:\/\/api.w.org\/{rel}","templated":true}]}}