{"id":75720,"date":"2023-06-23T03:04:01","date_gmt":"2023-06-23T01:04:01","guid":{"rendered":"https:\/\/chmedica.ch\/prodotto\/cable-usb-pour-connection-pc-300-glucometre-24108241102411124114\/"},"modified":"2024-01-02T22:48:40","modified_gmt":"2024-01-02T21:48:40","slug":"cable-usb-pour-connection-pc-300-glucometre-24108241102411124114","status":"publish","type":"product","link":"https:\/\/chmedica.ch\/fr\/produit\/cable-usb-pour-connection-pc-300-glucometre-24108241102411124114\/","title":{"rendered":"C\u00c2BLE USB pour connection PC-300 &#8211; GLUCOM\u00c8TRE 24108,24110,24111,24114"},"content":{"rendered":"","protected":false},"excerpt":{"rendered":"<p>C\u00e2ble USB glucom\u00e8tre Gima (24108\/10\/11\/14)<\/p>\n","protected":false},"featured_media":0,"template":"","meta":{"_acf_changed":false},"product_brand":[],"product_cat":[776,1668],"product_tag":[],"class_list":{"0":"post-75720","1":"product","2":"type-product","3":"status-publish","5":"product_cat-ecg-moniteur-echographie","6":"product_cat-moniteurs-de-signes-vitaux","8":"first","9":"onbackorder","10":"taxable","11":"shipping-taxable","12":"purchasable","13":"product-type-simple"},"acf":{"fornitore":"GIMA","standard_accessori":"","unita_misura":"1 pz."},"_links":{"self":[{"href":"https:\/\/chmedica.ch\/fr\/wp-json\/wp\/v2\/product\/75720","targetHints":{"allow":["GET"]}}],"collection":[{"href":"https:\/\/chmedica.ch\/fr\/wp-json\/wp\/v2\/product"}],"about":[{"href":"https:\/\/chmedica.ch\/fr\/wp-json\/wp\/v2\/types\/product"}],"wp:attachment":[{"href":"https:\/\/chmedica.ch\/fr\/wp-json\/wp\/v2\/media?parent=75720"}],"wp:term":[{"taxonomy":"product_brand","embeddable":true,"href":"https:\/\/chmedica.ch\/fr\/wp-json\/wp\/v2\/product_brand?post=75720"},{"taxonomy":"product_cat","embeddable":true,"href":"https:\/\/chmedica.ch\/fr\/wp-json\/wp\/v2\/product_cat?post=75720"},{"taxonomy":"product_tag","embeddable":true,"href":"https:\/\/chmedica.ch\/fr\/wp-json\/wp\/v2\/product_tag?post=75720"}],"curies":[{"name":"wp","href":"https:\/\/api.w.org\/{rel}","templated":true}]}}