{"id":75696,"date":"2023-06-23T03:03:36","date_gmt":"2023-06-23T01:03:36","guid":{"rendered":"https:\/\/chmedica.ch\/prodotto\/moniteur-checkme-lite-surveillance-de-la-sante-avec-bluetooth\/"},"modified":"2024-01-02T22:49:19","modified_gmt":"2024-01-02T21:49:19","slug":"moniteur-checkme-lite-surveillance-de-la-sante-avec-bluetooth","status":"publish","type":"product","link":"https:\/\/chmedica.ch\/fr\/produit\/moniteur-checkme-lite-surveillance-de-la-sante-avec-bluetooth\/","title":{"rendered":"MONITEUR CHECKME LITE SURVEILLANCE DE LA SANT\u00c9 avec Bluetooth"},"content":{"rendered":"","protected":false},"excerpt":{"rendered":"<p>Moniteur Checkme Lite surveillance de la sant\u00e9 avec Bluetooth<\/p>\n<p>Dispositif complet innovant, compact et portatif, contenant des fonctionnalit\u00e9s multiples.<\/p>\n<p>Il mesure simultan\u00e9ment l\u2019\u00e9lectrocardiogramme, la fr\u00e9quence cardiaque, la dur\u00e9e du QRS, la Spo2, la fr\u00e9quence du pouls et l\u2019index du pouls.<\/p>\n<p>Dot\u00e9 d\u2019un \u00e9cran tactile \u00e0 couleurs, d\u2019une interface utilisateur bien organis\u00e9e et d\u2019instructions vocales, il est tr\u00e8s intuitif et facile \u00e0 utiliser.<\/p>\n<p>Exactitude clinique approuv\u00e9e.<\/p>\n<p>&#8211; il peut supporter la mesure de l\u2019ECG et de la Spo2 avec et sans c\u00e2ble (c\u00e2ble optionnel)<br \/>\n&#8211; il peut contr\u00f4ler, saisir et identifier un ECG anormal en 20 sec.<br \/>\n&#8211; l\u2019algorithme de l\u2019ECG fournit la fr\u00e9quence cardiaque, la dur\u00e9e du QRS, le segment ST et l\u2019analyse du rythme<br \/>\n&#8211; il peut contr\u00f4ler l\u2019oxyg\u00e9nation du sang avec un capteur de Spo2 incorpor\u00e9 en 20 sec<br \/>\n&#8211; la forme d\u2019onde de haute qualit\u00e9 de l\u2019ECG peut \u00eatre sauv\u00e9e et reproduite<br \/>\n&#8211; logiciel professionnel de gestion des donn\u00e9es pour examiner et g\u00e9n\u00e9rer des rapports (compatible avec syst\u00e8me d\u2019exploitation Windows)<\/p>\n<p>Pour le contr\u00f4lejournalier 20 secondes sont suffisantes.<br \/>\nECG + FC + SPO2 + QRS + FR\u00c9QUENCE DU POULS + IP<br \/>\nMode d\u2019emploi: GB, IT, ES, DE, FR<br \/>\nInstructions vocales: GB, PL, DE, IT, FR, ES, HU<br \/>\nLogiciel pour ordinateur: GB<\/p>\n","protected":false},"featured_media":75660,"template":"","meta":{"_acf_changed":false},"product_brand":[],"product_cat":[776,1668],"product_tag":[],"class_list":{"0":"post-75696","1":"product","2":"type-product","3":"status-publish","4":"has-post-thumbnail","6":"product_cat-ecg-moniteur-echographie","7":"product_cat-moniteurs-de-signes-vitaux","9":"first","10":"onbackorder","11":"taxable","12":"shipping-taxable","13":"purchasable","14":"product-type-simple"},"acf":{"fornitore":"GIMA","standard_accessori":"Logiciel\nCordon de cou\nC\u00e2ble ECG\nC\u00e2ble de recharge, micro D\n\u00c9lectrodes ECG","unita_misura":"1 pz."},"_links":{"self":[{"href":"https:\/\/chmedica.ch\/fr\/wp-json\/wp\/v2\/product\/75696","targetHints":{"allow":["GET"]}}],"collection":[{"href":"https:\/\/chmedica.ch\/fr\/wp-json\/wp\/v2\/product"}],"about":[{"href":"https:\/\/chmedica.ch\/fr\/wp-json\/wp\/v2\/types\/product"}],"wp:featuredmedia":[{"embeddable":true,"href":"https:\/\/chmedica.ch\/fr\/wp-json\/wp\/v2\/media\/75660"}],"wp:attachment":[{"href":"https:\/\/chmedica.ch\/fr\/wp-json\/wp\/v2\/media?parent=75696"}],"wp:term":[{"taxonomy":"product_brand","embeddable":true,"href":"https:\/\/chmedica.ch\/fr\/wp-json\/wp\/v2\/product_brand?post=75696"},{"taxonomy":"product_cat","embeddable":true,"href":"https:\/\/chmedica.ch\/fr\/wp-json\/wp\/v2\/product_cat?post=75696"},{"taxonomy":"product_tag","embeddable":true,"href":"https:\/\/chmedica.ch\/fr\/wp-json\/wp\/v2\/product_tag?post=75696"}],"curies":[{"name":"wp","href":"https:\/\/api.w.org\/{rel}","templated":true}]}}