{"id":75471,"date":"2023-06-23T03:02:25","date_gmt":"2023-06-23T01:02:25","guid":{"rendered":"https:\/\/chmedica.ch\/prodotto\/capteur-de-debit\/"},"modified":"2024-01-02T22:50:46","modified_gmt":"2024-01-02T21:50:46","slug":"capteur-de-debit","status":"publish","type":"product","link":"https:\/\/chmedica.ch\/fr\/produit\/capteur-de-debit\/","title":{"rendered":"CAPTEUR DE D\u00c9BIT"},"content":{"rendered":"","protected":false},"excerpt":{"rendered":"<p>Capteur de d\u00e9bit &#8211; pour un meilleur contr\u00f4le du d\u00e9bit (conseill\u00e9 pour les nouveaux n\u00e9s et les unit\u00e9s de soins intensifs).<\/p>\n","protected":false},"featured_media":75465,"template":"","meta":{"_acf_changed":false},"product_brand":[],"product_cat":[1126,860],"product_tag":[],"class_list":{"0":"post-75471","1":"product","2":"type-product","3":"status-publish","4":"has-post-thumbnail","6":"product_cat-pompes-a-perfusion-et-accessoires","7":"product_cat-urgence-et-pansement","9":"first","10":"onbackorder","11":"taxable","12":"shipping-taxable","13":"purchasable","14":"product-type-simple"},"acf":{"fornitore":"GIMA","standard_accessori":"","unita_misura":"1 pz."},"_links":{"self":[{"href":"https:\/\/chmedica.ch\/fr\/wp-json\/wp\/v2\/product\/75471","targetHints":{"allow":["GET"]}}],"collection":[{"href":"https:\/\/chmedica.ch\/fr\/wp-json\/wp\/v2\/product"}],"about":[{"href":"https:\/\/chmedica.ch\/fr\/wp-json\/wp\/v2\/types\/product"}],"wp:featuredmedia":[{"embeddable":true,"href":"https:\/\/chmedica.ch\/fr\/wp-json\/wp\/v2\/media\/75465"}],"wp:attachment":[{"href":"https:\/\/chmedica.ch\/fr\/wp-json\/wp\/v2\/media?parent=75471"}],"wp:term":[{"taxonomy":"product_brand","embeddable":true,"href":"https:\/\/chmedica.ch\/fr\/wp-json\/wp\/v2\/product_brand?post=75471"},{"taxonomy":"product_cat","embeddable":true,"href":"https:\/\/chmedica.ch\/fr\/wp-json\/wp\/v2\/product_cat?post=75471"},{"taxonomy":"product_tag","embeddable":true,"href":"https:\/\/chmedica.ch\/fr\/wp-json\/wp\/v2\/product_tag?post=75471"}],"curies":[{"name":"wp","href":"https:\/\/api.w.org\/{rel}","templated":true}]}}