{"id":75432,"date":"2023-06-23T03:02:03","date_gmt":"2023-06-23T01:02:03","guid":{"rendered":"https:\/\/chmedica.ch\/prodotto\/programmation-du-dosage-et-du-profil-numero-de-serie-necessaire\/"},"modified":"2024-01-02T22:51:18","modified_gmt":"2024-01-02T21:51:18","slug":"programmation-du-dosage-et-du-profil-numero-de-serie-necessaire","status":"publish","type":"product","link":"https:\/\/chmedica.ch\/fr\/produit\/programmation-du-dosage-et-du-profil-numero-de-serie-necessaire\/","title":{"rendered":"PROGRAMMATION DU DOSAGE ET DU PROFIL num\u00e9ro de s\u00e9rie n\u00e9cessaire"},"content":{"rendered":"<p>0<\/p>\n","protected":false},"excerpt":{"rendered":"<p>Programmation du dosage et du profil.<\/p>\n","protected":false},"featured_media":0,"template":"","meta":{"_acf_changed":false},"product_brand":[],"product_cat":[1126,860],"product_tag":[],"class_list":{"0":"post-75432","1":"product","2":"type-product","3":"status-publish","5":"product_cat-pompes-a-perfusion-et-accessoires","6":"product_cat-urgence-et-pansement","8":"first","9":"onbackorder","10":"taxable","11":"shipping-taxable","12":"purchasable","13":"product-type-simple"},"acf":{"fornitore":"GIMA","standard_accessori":"0","unita_misura":"1 pz."},"_links":{"self":[{"href":"https:\/\/chmedica.ch\/fr\/wp-json\/wp\/v2\/product\/75432","targetHints":{"allow":["GET"]}}],"collection":[{"href":"https:\/\/chmedica.ch\/fr\/wp-json\/wp\/v2\/product"}],"about":[{"href":"https:\/\/chmedica.ch\/fr\/wp-json\/wp\/v2\/types\/product"}],"wp:attachment":[{"href":"https:\/\/chmedica.ch\/fr\/wp-json\/wp\/v2\/media?parent=75432"}],"wp:term":[{"taxonomy":"product_brand","embeddable":true,"href":"https:\/\/chmedica.ch\/fr\/wp-json\/wp\/v2\/product_brand?post=75432"},{"taxonomy":"product_cat","embeddable":true,"href":"https:\/\/chmedica.ch\/fr\/wp-json\/wp\/v2\/product_cat?post=75432"},{"taxonomy":"product_tag","embeddable":true,"href":"https:\/\/chmedica.ch\/fr\/wp-json\/wp\/v2\/product_tag?post=75432"}],"curies":[{"name":"wp","href":"https:\/\/api.w.org\/{rel}","templated":true}]}}