{"id":74994,"date":"2023-06-23T02:57:32","date_gmt":"2023-06-23T00:57:32","guid":{"rendered":"https:\/\/chmedica.ch\/prodotto\/sonde-spo2-reutilisable-type-d-09-m-pour-k12-k15-necessite-35318-et-oxy-110-pediatrique-op\/"},"modified":"2024-01-02T22:58:22","modified_gmt":"2024-01-02T21:58:22","slug":"sonde-spo2-reutilisable-type-d-09-m-pour-k12-k15-necessite-35318-et-oxy-110-pediatrique-op","status":"publish","type":"product","link":"https:\/\/chmedica.ch\/fr\/produit\/sonde-spo2-reutilisable-type-d-09-m-pour-k12-k15-necessite-35318-et-oxy-110-pediatrique-op\/","title":{"rendered":"SONDE SpO2 R\u00c9UTILISABLE (type D 0,9 m) pour K12, K15 (n\u00e9cessite 35318) et Oxy 110 &#8211; p\u00e9diatrique &#8211; op"},"content":{"rendered":"","protected":false},"excerpt":{"rendered":"<p>Sonde SpO2 Type D &#8211; p\u00e9diatrique &#8211; opt. &#8211; c\u00e2ble rallonge n\u00e9cessaire code 35318<\/p>\n<p>(Compatible avec Nellcor)<\/p>\n","protected":false},"featured_media":0,"template":"","meta":{"_acf_changed":false},"product_brand":[],"product_cat":[776,1668],"product_tag":[],"class_list":{"0":"post-74994","1":"product","2":"type-product","3":"status-publish","5":"product_cat-ecg-moniteur-echographie","6":"product_cat-moniteurs-de-signes-vitaux","8":"first","9":"onbackorder","10":"taxable","11":"shipping-taxable","12":"purchasable","13":"product-type-simple"},"acf":{"fornitore":"GIMA","standard_accessori":"","unita_misura":"1 pz."},"_links":{"self":[{"href":"https:\/\/chmedica.ch\/fr\/wp-json\/wp\/v2\/product\/74994","targetHints":{"allow":["GET"]}}],"collection":[{"href":"https:\/\/chmedica.ch\/fr\/wp-json\/wp\/v2\/product"}],"about":[{"href":"https:\/\/chmedica.ch\/fr\/wp-json\/wp\/v2\/types\/product"}],"wp:attachment":[{"href":"https:\/\/chmedica.ch\/fr\/wp-json\/wp\/v2\/media?parent=74994"}],"wp:term":[{"taxonomy":"product_brand","embeddable":true,"href":"https:\/\/chmedica.ch\/fr\/wp-json\/wp\/v2\/product_brand?post=74994"},{"taxonomy":"product_cat","embeddable":true,"href":"https:\/\/chmedica.ch\/fr\/wp-json\/wp\/v2\/product_cat?post=74994"},{"taxonomy":"product_tag","embeddable":true,"href":"https:\/\/chmedica.ch\/fr\/wp-json\/wp\/v2\/product_tag?post=74994"}],"curies":[{"name":"wp","href":"https:\/\/api.w.org\/{rel}","templated":true}]}}