{"id":74988,"date":"2023-06-23T02:57:24","date_gmt":"2023-06-23T00:57:24","guid":{"rendered":"https:\/\/chmedica.ch\/prodotto\/cable-de-rallonge-pour-sondes-spo2-necessaire-pour-k12-k15\/"},"modified":"2024-01-02T22:58:34","modified_gmt":"2024-01-02T21:58:34","slug":"cable-de-rallonge-pour-sondes-spo2-necessaire-pour-k12-k15","status":"publish","type":"product","link":"https:\/\/chmedica.ch\/fr\/produit\/cable-de-rallonge-pour-sondes-spo2-necessaire-pour-k12-k15\/","title":{"rendered":"C\u00c2BLE DE RALLONGE pour sondes SpO2 &#8211; n\u00e9cessaire pour K12, K15"},"content":{"rendered":"","protected":false},"excerpt":{"rendered":"<p>C\u00e2ble de rallonge pour sondes SpO2 &#8211; rechange<\/p>\n","protected":false},"featured_media":0,"template":"","meta":{"_acf_changed":false},"product_brand":[],"product_cat":[776,1668],"product_tag":[],"class_list":{"0":"post-74988","1":"product","2":"type-product","3":"status-publish","5":"product_cat-ecg-moniteur-echographie","6":"product_cat-moniteurs-de-signes-vitaux","8":"first","9":"onbackorder","10":"taxable","11":"shipping-taxable","12":"purchasable","13":"product-type-simple"},"acf":{"fornitore":"GIMA","standard_accessori":"","unita_misura":"1 pz."},"_links":{"self":[{"href":"https:\/\/chmedica.ch\/fr\/wp-json\/wp\/v2\/product\/74988","targetHints":{"allow":["GET"]}}],"collection":[{"href":"https:\/\/chmedica.ch\/fr\/wp-json\/wp\/v2\/product"}],"about":[{"href":"https:\/\/chmedica.ch\/fr\/wp-json\/wp\/v2\/types\/product"}],"wp:attachment":[{"href":"https:\/\/chmedica.ch\/fr\/wp-json\/wp\/v2\/media?parent=74988"}],"wp:term":[{"taxonomy":"product_brand","embeddable":true,"href":"https:\/\/chmedica.ch\/fr\/wp-json\/wp\/v2\/product_brand?post=74988"},{"taxonomy":"product_cat","embeddable":true,"href":"https:\/\/chmedica.ch\/fr\/wp-json\/wp\/v2\/product_cat?post=74988"},{"taxonomy":"product_tag","embeddable":true,"href":"https:\/\/chmedica.ch\/fr\/wp-json\/wp\/v2\/product_tag?post=74988"}],"curies":[{"name":"wp","href":"https:\/\/api.w.org\/{rel}","templated":true}]}}