{"id":74976,"date":"2023-06-23T02:57:11","date_gmt":"2023-06-23T00:57:11","guid":{"rendered":"https:\/\/chmedica.ch\/prodotto\/logiciel-central-station\/"},"modified":"2024-01-02T22:59:00","modified_gmt":"2024-01-02T21:59:00","slug":"logiciel-central-station","status":"publish","type":"product","link":"https:\/\/chmedica.ch\/fr\/produit\/logiciel-central-station\/","title":{"rendered":"LOGICIEL CENTRAL STATION"},"content":{"rendered":"","protected":false},"excerpt":{"rendered":"<p>Logiciel qui recueille toutes les donn\u00e9es de chaque moniteur de chevet et les affiche collectivement.<\/p>\n<p>Il m\u00e9morise et surveille les donn\u00e9es de tendance de l\u2019ECG et les autres param\u00e8tres et il analyse les donn\u00e9es m\u00e9moris\u00e9es.<\/p>\n<p>Il peut supporter jusqu\u2019\u00e0 64 moniteurs de chevet.<\/p>\n<p>Il comprend Soft-key, logiciel CD, c\u00e2ble de r\u00e9seau de 2 m\u00e8tres de long.<\/p>\n","protected":false},"featured_media":74964,"template":"","meta":{"_acf_changed":false},"product_brand":[],"product_cat":[776,1668],"product_tag":[],"class_list":{"0":"post-74976","1":"product","2":"type-product","3":"status-publish","4":"has-post-thumbnail","6":"product_cat-ecg-moniteur-echographie","7":"product_cat-moniteurs-de-signes-vitaux","9":"first","10":"onbackorder","11":"taxable","12":"shipping-taxable","13":"purchasable","14":"product-type-simple"},"acf":{"fornitore":"GIMA","standard_accessori":"","unita_misura":"1 pz."},"_links":{"self":[{"href":"https:\/\/chmedica.ch\/fr\/wp-json\/wp\/v2\/product\/74976","targetHints":{"allow":["GET"]}}],"collection":[{"href":"https:\/\/chmedica.ch\/fr\/wp-json\/wp\/v2\/product"}],"about":[{"href":"https:\/\/chmedica.ch\/fr\/wp-json\/wp\/v2\/types\/product"}],"wp:featuredmedia":[{"embeddable":true,"href":"https:\/\/chmedica.ch\/fr\/wp-json\/wp\/v2\/media\/74964"}],"wp:attachment":[{"href":"https:\/\/chmedica.ch\/fr\/wp-json\/wp\/v2\/media?parent=74976"}],"wp:term":[{"taxonomy":"product_brand","embeddable":true,"href":"https:\/\/chmedica.ch\/fr\/wp-json\/wp\/v2\/product_brand?post=74976"},{"taxonomy":"product_cat","embeddable":true,"href":"https:\/\/chmedica.ch\/fr\/wp-json\/wp\/v2\/product_cat?post=74976"},{"taxonomy":"product_tag","embeddable":true,"href":"https:\/\/chmedica.ch\/fr\/wp-json\/wp\/v2\/product_tag?post=74976"}],"curies":[{"name":"wp","href":"https:\/\/api.w.org\/{rel}","templated":true}]}}