{"id":74295,"date":"2023-06-23T02:51:25","date_gmt":"2023-06-23T00:51:25","guid":{"rendered":"https:\/\/chmedica.ch\/prodotto\/joint-pour-gimette-28\/"},"modified":"2024-01-02T23:11:13","modified_gmt":"2024-01-02T22:11:13","slug":"joint-pour-gimette-28","status":"publish","type":"product","link":"https:\/\/chmedica.ch\/fr\/produit\/joint-pour-gimette-28\/","title":{"rendered":"JOINT POUR GIMETTE 28"},"content":{"rendered":"","protected":false},"excerpt":{"rendered":"<p>JOINT D&rsquo;\u00c9TANCH\u00c9IT\u00c9 POUR GIMETTE 28 &#8211; st\u00e9rilisateur \u00e0 air chaud (code 35628)<\/p>\n","protected":false},"featured_media":74289,"template":"","meta":{"_acf_changed":false},"product_brand":[],"product_cat":[892,1642],"product_tag":[],"class_list":{"0":"post-74295","1":"product","2":"type-product","3":"status-publish","4":"has-post-thumbnail","6":"product_cat-sterilisation-fr","7":"product_cat-sterilisation-a-sec","9":"first","10":"onbackorder","11":"taxable","12":"shipping-taxable","13":"purchasable","14":"product-type-simple"},"acf":{"fornitore":"GIMA","standard_accessori":"","unita_misura":"1 pz."},"_links":{"self":[{"href":"https:\/\/chmedica.ch\/fr\/wp-json\/wp\/v2\/product\/74295","targetHints":{"allow":["GET"]}}],"collection":[{"href":"https:\/\/chmedica.ch\/fr\/wp-json\/wp\/v2\/product"}],"about":[{"href":"https:\/\/chmedica.ch\/fr\/wp-json\/wp\/v2\/types\/product"}],"wp:featuredmedia":[{"embeddable":true,"href":"https:\/\/chmedica.ch\/fr\/wp-json\/wp\/v2\/media\/74289"}],"wp:attachment":[{"href":"https:\/\/chmedica.ch\/fr\/wp-json\/wp\/v2\/media?parent=74295"}],"wp:term":[{"taxonomy":"product_brand","embeddable":true,"href":"https:\/\/chmedica.ch\/fr\/wp-json\/wp\/v2\/product_brand?post=74295"},{"taxonomy":"product_cat","embeddable":true,"href":"https:\/\/chmedica.ch\/fr\/wp-json\/wp\/v2\/product_cat?post=74295"},{"taxonomy":"product_tag","embeddable":true,"href":"https:\/\/chmedica.ch\/fr\/wp-json\/wp\/v2\/product_tag?post=74295"}],"curies":[{"name":"wp","href":"https:\/\/api.w.org\/{rel}","templated":true}]}}