{"id":74196,"date":"2023-06-23T02:50:32","date_gmt":"2023-06-23T00:50:32","guid":{"rendered":"https:\/\/chmedica.ch\/prodotto\/resistance-600-w-pour-gimette-21-28-50\/"},"modified":"2024-01-02T23:12:40","modified_gmt":"2024-01-02T22:12:40","slug":"resistance-600-w-pour-gimette-21-28-50","status":"publish","type":"product","link":"https:\/\/chmedica.ch\/fr\/produit\/resistance-600-w-pour-gimette-21-28-50\/","title":{"rendered":"R\u00c9SISTANCE 600 W POUR GIMETTE 21\/28\/50"},"content":{"rendered":"","protected":false},"excerpt":{"rendered":"<p>R\u00e9sistance 600W pour st\u00e9rilisateur Gimette.<\/p>\n<p>Pr\u00e9cisez le mod\u00e8le de st\u00e9rilisateur lors de la commande:<br \/>\n&#8211; Code 35621 \tST\u00c9RILISATEUR \u00c0 AIR CHAUD GIMETTE 21<br \/>\n&#8211; Code 35628 \tST\u00c9RILISATEUR \u00c0 AIR CHAUD GIMETTE 28<br \/>\n&#8211; Code 35629 \tST\u00c9RILISATEUR \u00c0 AIR CHAUD GIMETTE 50<\/p>\n","protected":false},"featured_media":74190,"template":"","meta":{"_acf_changed":false},"product_brand":[],"product_cat":[892,1642],"product_tag":[],"class_list":{"0":"post-74196","1":"product","2":"type-product","3":"status-publish","4":"has-post-thumbnail","6":"product_cat-sterilisation-fr","7":"product_cat-sterilisation-a-sec","9":"first","10":"onbackorder","11":"taxable","12":"shipping-taxable","13":"purchasable","14":"product-type-simple"},"acf":{"fornitore":"GIMA","standard_accessori":"","unita_misura":"1 pz."},"_links":{"self":[{"href":"https:\/\/chmedica.ch\/fr\/wp-json\/wp\/v2\/product\/74196","targetHints":{"allow":["GET"]}}],"collection":[{"href":"https:\/\/chmedica.ch\/fr\/wp-json\/wp\/v2\/product"}],"about":[{"href":"https:\/\/chmedica.ch\/fr\/wp-json\/wp\/v2\/types\/product"}],"wp:featuredmedia":[{"embeddable":true,"href":"https:\/\/chmedica.ch\/fr\/wp-json\/wp\/v2\/media\/74190"}],"wp:attachment":[{"href":"https:\/\/chmedica.ch\/fr\/wp-json\/wp\/v2\/media?parent=74196"}],"wp:term":[{"taxonomy":"product_brand","embeddable":true,"href":"https:\/\/chmedica.ch\/fr\/wp-json\/wp\/v2\/product_brand?post=74196"},{"taxonomy":"product_cat","embeddable":true,"href":"https:\/\/chmedica.ch\/fr\/wp-json\/wp\/v2\/product_cat?post=74196"},{"taxonomy":"product_tag","embeddable":true,"href":"https:\/\/chmedica.ch\/fr\/wp-json\/wp\/v2\/product_tag?post=74196"}],"curies":[{"name":"wp","href":"https:\/\/api.w.org\/{rel}","templated":true}]}}