{"id":73920,"date":"2023-06-23T02:48:29","date_gmt":"2023-06-23T00:48:29","guid":{"rendered":"https:\/\/chmedica.ch\/prodotto\/joint-pour-h100-avec-numero-serial-adefkl\/"},"modified":"2024-01-02T23:15:21","modified_gmt":"2024-01-02T22:15:21","slug":"joint-pour-h100-avec-numero-serial-adefkl","status":"publish","type":"product","link":"https:\/\/chmedica.ch\/fr\/produit\/joint-pour-h100-avec-numero-serial-adefkl\/","title":{"rendered":"JOINT POUR H100 avec num\u00e9ro serial A,D,E,F,K,L"},"content":{"rendered":"<p>0<\/p>\n","protected":false},"excerpt":{"rendered":"<p>Joint pour autoclave vertical Gima H100 (cod. 35746 &#8211; 35656). <\/p>\n<p>AVVERTISSEMENT:<br \/>\nLe joint est uniquement compatible pour les autoclaves H100 avec les num\u00e9ros de s\u00e9rie suivants:<br \/>\nA &#8211; D &#8211; E &#8211; F &#8211; K &#8211; L (voir l&rsquo;image,  indiquer si vous avez un num\u00e9ro de s\u00e9rie diff\u00e9rent)<\/p>\n","protected":false},"featured_media":73914,"template":"","meta":{"_acf_changed":false},"product_brand":[],"product_cat":[1632,892],"product_tag":[],"class_list":{"0":"post-73920","1":"product","2":"type-product","3":"status-publish","4":"has-post-thumbnail","6":"product_cat-autoclaves-verticaux","7":"product_cat-sterilisation-fr","9":"first","10":"onbackorder","11":"taxable","12":"shipping-taxable","13":"purchasable","14":"product-type-simple"},"acf":{"fornitore":"GIMA","standard_accessori":"0","unita_misura":"1 pz."},"_links":{"self":[{"href":"https:\/\/chmedica.ch\/fr\/wp-json\/wp\/v2\/product\/73920","targetHints":{"allow":["GET"]}}],"collection":[{"href":"https:\/\/chmedica.ch\/fr\/wp-json\/wp\/v2\/product"}],"about":[{"href":"https:\/\/chmedica.ch\/fr\/wp-json\/wp\/v2\/types\/product"}],"wp:featuredmedia":[{"embeddable":true,"href":"https:\/\/chmedica.ch\/fr\/wp-json\/wp\/v2\/media\/73914"}],"wp:attachment":[{"href":"https:\/\/chmedica.ch\/fr\/wp-json\/wp\/v2\/media?parent=73920"}],"wp:term":[{"taxonomy":"product_brand","embeddable":true,"href":"https:\/\/chmedica.ch\/fr\/wp-json\/wp\/v2\/product_brand?post=73920"},{"taxonomy":"product_cat","embeddable":true,"href":"https:\/\/chmedica.ch\/fr\/wp-json\/wp\/v2\/product_cat?post=73920"},{"taxonomy":"product_tag","embeddable":true,"href":"https:\/\/chmedica.ch\/fr\/wp-json\/wp\/v2\/product_tag?post=73920"}],"curies":[{"name":"wp","href":"https:\/\/api.w.org\/{rel}","templated":true}]}}