{"id":73911,"date":"2023-06-23T02:48:25","date_gmt":"2023-06-23T00:48:25","guid":{"rendered":"https:\/\/chmedica.ch\/prodotto\/germy-gima-plus-8-w-lampe-a-ultraviolets\/"},"modified":"2024-01-02T23:15:27","modified_gmt":"2024-01-02T22:15:27","slug":"germy-gima-plus-8-w-lampe-a-ultraviolets","status":"publish","type":"product","link":"https:\/\/chmedica.ch\/fr\/produit\/germy-gima-plus-8-w-lampe-a-ultraviolets\/","title":{"rendered":"GERMY GIMA PLUS 8 W &#8211; lampe \u00e0 ultraviolets"},"content":{"rendered":"","protected":false},"excerpt":{"rendered":"<p>Germy Gima Plus: Lampes ultraviolettes: Ces instruments comportent une lampe ultraviolette germicide qui d\u00e9truit rapidement tout micro-organisme touch\u00e9 par ses rayons. Il est recommand\u00e9 d&rsquo;y conserver les instruments st\u00e9rilis\u00e9s. Une fois st\u00e9rilis\u00e9s, les instruments peuvent \u00eatre conserv\u00e9s longtemps et sont toujours pr\u00eats \u00e0 l&#8217;emploi (les traitements aux UV ne g\u00e9n\u00e8rent pas de chaleur). Une grille interne maintient les instruments \u00e0 distance de la surface r\u00e9fl\u00e9chissante, ce qui permet une irradiation uniforme des deux faces et am\u00e9liore l&rsquo;action germicide des UV. La s\u00e9curit\u00e9 de l&rsquo;op\u00e9rateur est garantie par un micro-interrupteur \u00e9teignant la lampe en cas d&rsquo;ouverture de la porte. Construction robuste, ext\u00e9rieur en acier peint, int\u00e9rieur en acier inoxydable r\u00e9fl\u00e9chissant. Installation murale ou sur une table.<\/p>\n","protected":false},"featured_media":0,"template":"","meta":{"_acf_changed":false},"product_brand":[],"product_cat":[1626,892],"product_tag":[],"class_list":{"0":"post-73911","1":"product","2":"type-product","3":"status-publish","5":"product_cat-germy-gima-fr","6":"product_cat-sterilisation-fr","8":"first","9":"onbackorder","10":"taxable","11":"shipping-taxable","12":"purchasable","13":"product-type-simple"},"acf":{"fornitore":"GIMA","standard_accessori":"","unita_misura":"1 pz."},"_links":{"self":[{"href":"https:\/\/chmedica.ch\/fr\/wp-json\/wp\/v2\/product\/73911","targetHints":{"allow":["GET"]}}],"collection":[{"href":"https:\/\/chmedica.ch\/fr\/wp-json\/wp\/v2\/product"}],"about":[{"href":"https:\/\/chmedica.ch\/fr\/wp-json\/wp\/v2\/types\/product"}],"wp:attachment":[{"href":"https:\/\/chmedica.ch\/fr\/wp-json\/wp\/v2\/media?parent=73911"}],"wp:term":[{"taxonomy":"product_brand","embeddable":true,"href":"https:\/\/chmedica.ch\/fr\/wp-json\/wp\/v2\/product_brand?post=73911"},{"taxonomy":"product_cat","embeddable":true,"href":"https:\/\/chmedica.ch\/fr\/wp-json\/wp\/v2\/product_cat?post=73911"},{"taxonomy":"product_tag","embeddable":true,"href":"https:\/\/chmedica.ch\/fr\/wp-json\/wp\/v2\/product_tag?post=73911"}],"curies":[{"name":"wp","href":"https:\/\/api.w.org\/{rel}","templated":true}]}}