{"id":73569,"date":"2023-06-23T02:46:03","date_gmt":"2023-06-23T00:46:03","guid":{"rendered":"https:\/\/chmedica.ch\/prodotto\/gaines-gusset-100-m-x-100-mm-x-25mm\/"},"modified":"2024-01-02T23:18:32","modified_gmt":"2024-01-02T22:18:32","slug":"gaines-gusset-100-m-x-100-mm-x-25mm-2","status":"publish","type":"product","link":"https:\/\/chmedica.ch\/fr\/produit\/gaines-gusset-100-m-x-100-mm-x-25mm-2\/","title":{"rendered":"GAINES GUSSET 100 m x 100 mm x 25mm"},"content":{"rendered":"","protected":false},"excerpt":{"rendered":"<p>GAINES GUSSET pour st\u00e9rilisation \u00e0 la vapeur ou \u00e0 l&rsquo;ETO<\/p>\n<p>\u2022 Gaines Gusset<br \/>\n\u2022 Externe (m x mm x mm): 100x100x25<br \/>\n\u2022 Interne (m x mm x mm): 100x78x25<\/p>\n<p>Film enduit PET 12\/PP 40 vert et papier blanc m\u00e9dical 60 g.<br \/>\nPour la st\u00e9rilisation d&rsquo;objets volumineux.<\/p>\n<p>Made in Italy.<\/p>\n","protected":false},"featured_media":73563,"template":"","meta":{"_acf_changed":false},"product_brand":[],"product_cat":[1496,892],"product_tag":[],"class_list":{"0":"post-73569","1":"product","2":"type-product","3":"status-publish","4":"has-post-thumbnail","6":"product_cat-rouleaux-et-poches","7":"product_cat-sterilisation-fr","9":"first","10":"onbackorder","11":"taxable","12":"shipping-taxable","13":"purchasable","14":"product-type-simple"},"acf":{"fornitore":"GIMA","standard_accessori":"","unita_misura":"conf. 4 pz."},"_links":{"self":[{"href":"https:\/\/chmedica.ch\/fr\/wp-json\/wp\/v2\/product\/73569","targetHints":{"allow":["GET"]}}],"collection":[{"href":"https:\/\/chmedica.ch\/fr\/wp-json\/wp\/v2\/product"}],"about":[{"href":"https:\/\/chmedica.ch\/fr\/wp-json\/wp\/v2\/types\/product"}],"wp:featuredmedia":[{"embeddable":true,"href":"https:\/\/chmedica.ch\/fr\/wp-json\/wp\/v2\/media\/73563"}],"wp:attachment":[{"href":"https:\/\/chmedica.ch\/fr\/wp-json\/wp\/v2\/media?parent=73569"}],"wp:term":[{"taxonomy":"product_brand","embeddable":true,"href":"https:\/\/chmedica.ch\/fr\/wp-json\/wp\/v2\/product_brand?post=73569"},{"taxonomy":"product_cat","embeddable":true,"href":"https:\/\/chmedica.ch\/fr\/wp-json\/wp\/v2\/product_cat?post=73569"},{"taxonomy":"product_tag","embeddable":true,"href":"https:\/\/chmedica.ch\/fr\/wp-json\/wp\/v2\/product_tag?post=73569"}],"curies":[{"name":"wp","href":"https:\/\/api.w.org\/{rel}","templated":true}]}}