{"id":73515,"date":"2023-06-23T02:45:30","date_gmt":"2023-06-23T00:45:30","guid":{"rendered":"https:\/\/chmedica.ch\/prodotto\/ruban-vapeur-25-mm-autoclave\/"},"modified":"2024-01-02T23:19:25","modified_gmt":"2024-01-02T22:19:25","slug":"ruban-vapeur-25-mm-autoclave","status":"publish","type":"product","link":"https:\/\/chmedica.ch\/fr\/produit\/ruban-vapeur-25-mm-autoclave\/","title":{"rendered":"RUBAN VAPEUR 25 mm &#8211; autoclave"},"content":{"rendered":"","protected":false},"excerpt":{"rendered":"<p>La gamme de rubans adh\u00e9sifs GIMA est sp\u00e9cialement con\u00e7ue \u00e0 la fois pour l&#8217;emballage et comme indicateur d\u00e9montrant que le paquet a subi un cycle de st\u00e9rilisation. Le dos des divers rubans est fait de papier fort, semi-cr\u00eap\u00e9 et impr\u00e9gn\u00e9, garant d&rsquo;une excellente souplesse d&rsquo;application. Les rubans st\u00e9riles se d\u00e9roulent ais\u00e9ment et peuvent \u00eatre d\u00e9chir\u00e9s facilement \u00e0 la main. Ces adh\u00e9sifs sp\u00e9ciaux sont formul\u00e9s pour supporter une temp\u00e9rature et une humidit\u00e9 \u00e9lev\u00e9es et assurer une excellente tenue sur le papier, le plastique, le non-tissu, le bois, le m\u00e9tal, le verre et le lin. Chaque ruban est emball\u00e9 individuellement avec date de p\u00e9remption. Fabriqu\u00e9 en Italie.<\/p>\n<p>Couleur initiale: vert clair<br \/>\n\u2022 Pour st\u00e9rilisation \u00e0 121 \u00b0C &#8211; 10 minutes: du vert clair au vert fonc\u00e9<br \/>\n\u2022 Pour st\u00e9rilisation \u00e0 134 \u00b0C &#8211; 2 minutes: du vert clair au vert moyen \/ fonc\u00e9<\/p>\n","protected":false},"featured_media":0,"template":"","meta":{"_acf_changed":false},"product_brand":[],"product_cat":[892,1490],"product_tag":[],"class_list":{"0":"post-73515","1":"product","2":"type-product","3":"status-publish","5":"product_cat-sterilisation-fr","6":"product_cat-tests-de-sterilisation","8":"first","9":"onbackorder","10":"taxable","11":"shipping-taxable","12":"purchasable","13":"product-type-simple"},"acf":{"fornitore":"GIMA","standard_accessori":"","unita_misura":"12 rotoli"},"_links":{"self":[{"href":"https:\/\/chmedica.ch\/fr\/wp-json\/wp\/v2\/product\/73515","targetHints":{"allow":["GET"]}}],"collection":[{"href":"https:\/\/chmedica.ch\/fr\/wp-json\/wp\/v2\/product"}],"about":[{"href":"https:\/\/chmedica.ch\/fr\/wp-json\/wp\/v2\/types\/product"}],"wp:attachment":[{"href":"https:\/\/chmedica.ch\/fr\/wp-json\/wp\/v2\/media?parent=73515"}],"wp:term":[{"taxonomy":"product_brand","embeddable":true,"href":"https:\/\/chmedica.ch\/fr\/wp-json\/wp\/v2\/product_brand?post=73515"},{"taxonomy":"product_cat","embeddable":true,"href":"https:\/\/chmedica.ch\/fr\/wp-json\/wp\/v2\/product_cat?post=73515"},{"taxonomy":"product_tag","embeddable":true,"href":"https:\/\/chmedica.ch\/fr\/wp-json\/wp\/v2\/product_tag?post=73515"}],"curies":[{"name":"wp","href":"https:\/\/api.w.org\/{rel}","templated":true}]}}