{"id":73512,"date":"2023-06-23T02:45:26","date_gmt":"2023-06-23T00:45:26","guid":{"rendered":"https:\/\/chmedica.ch\/prodotto\/indicateur-steam-star-autoclave\/"},"modified":"2024-01-02T23:19:32","modified_gmt":"2024-01-02T22:19:32","slug":"indicateur-steam-star-autoclave","status":"publish","type":"product","link":"https:\/\/chmedica.ch\/fr\/produit\/indicateur-steam-star-autoclave\/","title":{"rendered":"INDICATEUR \u00abSTEAM STAR\u00bb &#8211; autoclave"},"content":{"rendered":"","protected":false},"excerpt":{"rendered":"<p>Indicateur pour st\u00e9rilisation en autoclave \u00e0 une pression de 1 \u00e0 2 bars et une temp\u00e9rature de 120 \u00b0C \u00e0 135 \u00b0C.<br \/>\nPas d&rsquo;exigences particuli\u00e8res de stockage.<br \/>\nS\u00fbr et fiable.<br \/>\nFabriqu\u00e9 au Japon.<\/p>\n<p>\u00ab\u00a0St\u00e9rilis\u00e9\u00a0\u00bb s&rsquo;affiche et le dessin des 3 \u00e9toiles passe du rose au brun pour confirmer l&rsquo;efficacit\u00e9 de la st\u00e9rilisation \u00e0 121 \u00b0C &#8211; 15 min ou 134 \u00b0C &#8211; 3&rsquo;30\u00a0\u00bb min et au noir pour indiquer la marge de s\u00e9curit\u00e9 correspondant \u00e0 des st\u00e9rilisations \u00e0 121 \u00b0C &#8211; 20 min et 134 \u00b0C &#8211; 5 min.<\/p>\n","protected":false},"featured_media":73506,"template":"","meta":{"_acf_changed":false},"product_brand":[],"product_cat":[892,1490],"product_tag":[],"class_list":{"0":"post-73512","1":"product","2":"type-product","3":"status-publish","4":"has-post-thumbnail","6":"product_cat-sterilisation-fr","7":"product_cat-tests-de-sterilisation","9":"first","10":"onbackorder","11":"taxable","12":"shipping-taxable","13":"purchasable","14":"product-type-simple"},"acf":{"fornitore":"GIMA","standard_accessori":"","unita_misura":"conf. 1000 pz."},"_links":{"self":[{"href":"https:\/\/chmedica.ch\/fr\/wp-json\/wp\/v2\/product\/73512","targetHints":{"allow":["GET"]}}],"collection":[{"href":"https:\/\/chmedica.ch\/fr\/wp-json\/wp\/v2\/product"}],"about":[{"href":"https:\/\/chmedica.ch\/fr\/wp-json\/wp\/v2\/types\/product"}],"wp:featuredmedia":[{"embeddable":true,"href":"https:\/\/chmedica.ch\/fr\/wp-json\/wp\/v2\/media\/73506"}],"wp:attachment":[{"href":"https:\/\/chmedica.ch\/fr\/wp-json\/wp\/v2\/media?parent=73512"}],"wp:term":[{"taxonomy":"product_brand","embeddable":true,"href":"https:\/\/chmedica.ch\/fr\/wp-json\/wp\/v2\/product_brand?post=73512"},{"taxonomy":"product_cat","embeddable":true,"href":"https:\/\/chmedica.ch\/fr\/wp-json\/wp\/v2\/product_cat?post=73512"},{"taxonomy":"product_tag","embeddable":true,"href":"https:\/\/chmedica.ch\/fr\/wp-json\/wp\/v2\/product_tag?post=73512"}],"curies":[{"name":"wp","href":"https:\/\/api.w.org\/{rel}","templated":true}]}}