{"id":73503,"date":"2023-06-23T02:45:22","date_gmt":"2023-06-23T00:45:22","guid":{"rendered":"https:\/\/chmedica.ch\/prodotto\/indicateur-upstar-bowie-dick-pret-a-lemploi\/"},"modified":"2024-01-02T23:19:39","modified_gmt":"2024-01-02T22:19:39","slug":"indicateur-upstar-bowie-dick-pret-a-lemploi","status":"publish","type":"product","link":"https:\/\/chmedica.ch\/fr\/produit\/indicateur-upstar-bowie-dick-pret-a-lemploi\/","title":{"rendered":"INDICATEUR UPSTAR BOWIE &amp; DICK pr\u00eat \u00e0 l&#8217;emploi"},"content":{"rendered":"","protected":false},"excerpt":{"rendered":"<p>Test Bowie &amp; Dick pr\u00eat \u00e0 l&#8217;emploi<\/p>\n<p>&#8211; Stabilit\u00e9 du changement de couleur<br \/>\n&#8211; Haute sensibilit\u00e9, d\u00e9tecte toute anomalie<br \/>\n&#8211; Satisfaisant: couleur verte uniforme<br \/>\n&#8211; Non satisfaisant: couleur rouge centrale Dur\u00e9e et\/ou temp\u00e9rature et\/ou pression de vapeur incorrecte(s)<\/p>\n<p>Le test-pr\u00eat \u00e0 l&#8217;emploi de Bowie &amp; Dick est sp\u00e9cifiquement con\u00e7u pour v\u00e9rifier le fonctionnement correct des autoclaves \u00e0 vapeur et leur capacit\u00e9 de st\u00e9riliser les dispositifs poreux (tampons, champs, blouses, non tiss\u00e9 &#8230;)<br \/>\n&#8211; haute sensibilit\u00e9: d\u00e9tecte toute anomalie<br \/>\n&#8211; interpr\u00e9tation facile<br \/>\n&#8211; stabilit\u00e9 du changement de couleur<br \/>\n&#8211; emballage en aluminium \u00e9tanche<\/p>\n","protected":false},"featured_media":73491,"template":"","meta":{"_acf_changed":false},"product_brand":[],"product_cat":[892,1490],"product_tag":[],"class_list":{"0":"post-73503","1":"product","2":"type-product","3":"status-publish","4":"has-post-thumbnail","6":"product_cat-sterilisation-fr","7":"product_cat-tests-de-sterilisation","9":"first","10":"onbackorder","11":"taxable","12":"shipping-taxable","13":"purchasable","14":"product-type-simple"},"acf":{"fornitore":"GIMA","standard_accessori":"","unita_misura":"1 pz."},"_links":{"self":[{"href":"https:\/\/chmedica.ch\/fr\/wp-json\/wp\/v2\/product\/73503","targetHints":{"allow":["GET"]}}],"collection":[{"href":"https:\/\/chmedica.ch\/fr\/wp-json\/wp\/v2\/product"}],"about":[{"href":"https:\/\/chmedica.ch\/fr\/wp-json\/wp\/v2\/types\/product"}],"wp:featuredmedia":[{"embeddable":true,"href":"https:\/\/chmedica.ch\/fr\/wp-json\/wp\/v2\/media\/73491"}],"wp:attachment":[{"href":"https:\/\/chmedica.ch\/fr\/wp-json\/wp\/v2\/media?parent=73503"}],"wp:term":[{"taxonomy":"product_brand","embeddable":true,"href":"https:\/\/chmedica.ch\/fr\/wp-json\/wp\/v2\/product_brand?post=73503"},{"taxonomy":"product_cat","embeddable":true,"href":"https:\/\/chmedica.ch\/fr\/wp-json\/wp\/v2\/product_cat?post=73503"},{"taxonomy":"product_tag","embeddable":true,"href":"https:\/\/chmedica.ch\/fr\/wp-json\/wp\/v2\/product_tag?post=73503"}],"curies":[{"name":"wp","href":"https:\/\/api.w.org\/{rel}","templated":true}]}}