{"id":73218,"date":"2023-06-23T02:43:30","date_gmt":"2023-06-23T00:43:30","guid":{"rendered":"https:\/\/chmedica.ch\/prodotto\/sachets-plats-300x400-mm\/"},"modified":"2024-01-02T23:22:14","modified_gmt":"2024-01-02T22:22:14","slug":"sachets-plats-300x400-mm","status":"publish","type":"product","link":"https:\/\/chmedica.ch\/fr\/produit\/sachets-plats-300x400-mm\/","title":{"rendered":"SACHETS PLATS 300&#215;400 mm"},"content":{"rendered":"","protected":false},"excerpt":{"rendered":"<p>SACHETS PLATS POUR LA ST\u00c9RILISATION \u00c0 LA VAPEUR OU \u00c0 L&rsquo;\u00c9TO<\/p>\n<p>Film transparent en polyester-polypropyl\u00e8ne vert clair coupl\u00e9 \u00e0 un papier de qualit\u00e9 m\u00e9dicale.<br \/>\nIls sont ainsi perm\u00e9ables \u00e0 la vapeur et au gaz d\u00e9gag\u00e9s durant la st\u00e9rilisation. Les indicateurs de vapeur et de gaz changent de couleur lorsqu&rsquo;ils sont soumis \u00e0 la st\u00e9rilisation.<\/p>\n<p>1. Coins renforc\u00e9s pour \u00e9viter l&rsquo;accumulation de poussi\u00e8re pr\u00e8s de l&rsquo;ouverture et r\u00e9duire le risque de contamination lors de l&rsquo;ouverture.<\/p>\n<p>2. Le  film transparent lamin\u00e9 est conforme \u00e0 la norme allemande EN 10\/204. Le papier m\u00e9dical est conforme aux normes suivantes: DIN 58953 (Allemagne), Pharmacopea 589 (France), pr EN 868-3 (Europe) et BS 6256 (Angleterre).<\/p>\n<p>3. Les chevrons permettent une ouverture rapide et correcte.<\/p>\n<p>4. Ils se composent d&rsquo;une couche de film transparent lamin\u00e9 (polyester et polypropyl\u00e8ne de copolym\u00e8re de type sp\u00e9cial) et de papier Kraft m\u00e9dical blanc r\u00e9sistant \u00e0 l&rsquo;humidit\u00e9, con\u00e7u sp\u00e9cialement pour assurer une haute protection antibact\u00e9rienne.<\/p>\n<p>5. Les lignes de soudure \u00e0 la chaleur (Multiligne) sont tr\u00e8s r\u00e9sistantes et r\u00e9guli\u00e8rement espac\u00e9es; la soudure externe parcourt la totalit\u00e9 de la longueur du sachet.<\/p>\n<p>Les gaines et sachets sont certifi\u00e9s et fabriqu\u00e9s conform\u00e9ment aux DIN 58953 BS 6871, EN 868-5, CN 13485<\/p>\n<p>\u2022 Externe (m x mm): 300 x 400<br \/>\n\u2022 Interne (m x mm): 278 x 385<\/p>\n","protected":false},"featured_media":73200,"template":"","meta":{"_acf_changed":false},"product_brand":[],"product_cat":[1496,892],"product_tag":[],"class_list":{"0":"post-73218","1":"product","2":"type-product","3":"status-publish","4":"has-post-thumbnail","6":"product_cat-rouleaux-et-poches","7":"product_cat-sterilisation-fr","9":"first","10":"onbackorder","11":"taxable","12":"shipping-taxable","13":"purchasable","14":"product-type-simple"},"acf":{"fornitore":"GIMA","standard_accessori":"","unita_misura":"conf. 500 pz."},"_links":{"self":[{"href":"https:\/\/chmedica.ch\/fr\/wp-json\/wp\/v2\/product\/73218","targetHints":{"allow":["GET"]}}],"collection":[{"href":"https:\/\/chmedica.ch\/fr\/wp-json\/wp\/v2\/product"}],"about":[{"href":"https:\/\/chmedica.ch\/fr\/wp-json\/wp\/v2\/types\/product"}],"wp:featuredmedia":[{"embeddable":true,"href":"https:\/\/chmedica.ch\/fr\/wp-json\/wp\/v2\/media\/73200"}],"wp:attachment":[{"href":"https:\/\/chmedica.ch\/fr\/wp-json\/wp\/v2\/media?parent=73218"}],"wp:term":[{"taxonomy":"product_brand","embeddable":true,"href":"https:\/\/chmedica.ch\/fr\/wp-json\/wp\/v2\/product_brand?post=73218"},{"taxonomy":"product_cat","embeddable":true,"href":"https:\/\/chmedica.ch\/fr\/wp-json\/wp\/v2\/product_cat?post=73218"},{"taxonomy":"product_tag","embeddable":true,"href":"https:\/\/chmedica.ch\/fr\/wp-json\/wp\/v2\/product_tag?post=73218"}],"curies":[{"name":"wp","href":"https:\/\/api.w.org\/{rel}","templated":true}]}}