{"id":73167,"date":"2023-06-23T02:43:13","date_gmt":"2023-06-23T00:43:13","guid":{"rendered":"https:\/\/chmedica.ch\/prodotto\/machine-a-sceller-gima-d-351\/"},"modified":"2024-01-02T23:22:34","modified_gmt":"2024-01-02T22:22:34","slug":"machine-a-sceller-gima-d-351","status":"publish","type":"product","link":"https:\/\/chmedica.ch\/fr\/produit\/machine-a-sceller-gima-d-351\/","title":{"rendered":"MACHINE \u00c0 SCELLER GIMA D-351"},"content":{"rendered":"<p>0<\/p>\n","protected":false},"excerpt":{"rendered":"<p>\u2022 Main features: sealing and cutting length 35 cm. Safety check with alarm. Main board with temperature control to avoid overheating of the sealing wire. Sealing bars closed by electromagnet. Complete with foil-roll dispenser and built-in cutting device.<br \/>\n\u2022 Easy: by the pressure of only one finger, without using levers, the bars close automatically. The electro-magnet guarantees a steady sealing pressure for the whole set period. The sealing bar opens automatically at the end of the cycle, requiring no action by the operator.<br \/>\n\u2022 Quick: the electro-magnetic system allows a substantial saving of the packing time. Quick foil feeding.<br \/>\n\u2022 Safe: the machine does not start the sealing cycle if there is an object with a thickness over 3 mm between the bars. The electronic temperature control through a NTC probe provides a perfect temperature accuracy from seal to seal. The electronic alarm function avoids any overheating.<\/p>\n<p>Made in Italy.<br \/>\n\u2022 Caract\u00e9ristiques principales: Longueur de soudure et de coupe 35 cm. V\u00e9rification de s\u00e9curit\u00e9 avec alarme. Tableau principal avec contr\u00f4le de la temp\u00e9rature pour \u00e9viter la surchauffe du fil \u00e0 souder Barres \u00e0 souder ferm\u00e9es par un \u00e9lectroaimant. Compl\u00e8te avec distributeur de gaines et dispositif de d\u00e9coupe int\u00e9gr\u00e9.<br \/>\n\u2022 Simple: Les barres se ferment automatiquement par simple<br \/>\npression d&rsquo;un doigt, sans besoin de levier. L&rsquo;\u00e9lectroaimant garantit une pression de soudure constante durant toute la p\u00e9riode programm\u00e9e. La barre de soudure s&rsquo;ouvre automatiquement \u00e0 la fin du cycle, sans intervention de l&rsquo;op\u00e9rateur.<br \/>\n\u2022 Rapide: Le syst\u00e8me \u00e9lectromagn\u00e9tique permet un gain de temps d&#8217;emballage substantiel. Rapide alimentation en gaines.<br \/>\n\u2022 S\u00fbre: La machine ne d\u00e9clenche pas le cycle de soudure si un objet d&rsquo;une \u00e9paisseur sup\u00e9rieure \u00e0 3 mm se trouve entre les barres. Le contr\u00f4le \u00e9lectronique de la temp\u00e9rature au moyen d&rsquo;une sonde NTC donne une pr\u00e9cision de temp\u00e9rature parfaite, soudure apr\u00e8s soudure. La fonction d&rsquo;alarme \u00e9lectronique \u00e9vite toute surchauffe.<\/p>\n<p>Fabriqu\u00e9e en Italie.<\/p>\n","protected":false},"featured_media":73161,"template":"","meta":{"_acf_changed":false},"product_brand":[],"product_cat":[892,1486],"product_tag":[],"class_list":{"0":"post-73167","1":"product","2":"type-product","3":"status-publish","4":"has-post-thumbnail","6":"product_cat-sterilisation-fr","7":"product_cat-thermosoudeuses","9":"first","10":"onbackorder","11":"taxable","12":"shipping-taxable","13":"purchasable","14":"product-type-simple"},"acf":{"fornitore":"GIMA","standard_accessori":"","unita_misura":"1 pz."},"_links":{"self":[{"href":"https:\/\/chmedica.ch\/fr\/wp-json\/wp\/v2\/product\/73167","targetHints":{"allow":["GET"]}}],"collection":[{"href":"https:\/\/chmedica.ch\/fr\/wp-json\/wp\/v2\/product"}],"about":[{"href":"https:\/\/chmedica.ch\/fr\/wp-json\/wp\/v2\/types\/product"}],"wp:featuredmedia":[{"embeddable":true,"href":"https:\/\/chmedica.ch\/fr\/wp-json\/wp\/v2\/media\/73161"}],"wp:attachment":[{"href":"https:\/\/chmedica.ch\/fr\/wp-json\/wp\/v2\/media?parent=73167"}],"wp:term":[{"taxonomy":"product_brand","embeddable":true,"href":"https:\/\/chmedica.ch\/fr\/wp-json\/wp\/v2\/product_brand?post=73167"},{"taxonomy":"product_cat","embeddable":true,"href":"https:\/\/chmedica.ch\/fr\/wp-json\/wp\/v2\/product_cat?post=73167"},{"taxonomy":"product_tag","embeddable":true,"href":"https:\/\/chmedica.ch\/fr\/wp-json\/wp\/v2\/product_tag?post=73167"}],"curies":[{"name":"wp","href":"https:\/\/api.w.org\/{rel}","templated":true}]}}