{"id":73149,"date":"2023-06-23T02:42:56","date_gmt":"2023-06-23T00:42:56","guid":{"rendered":"https:\/\/chmedica.ch\/prodotto\/soudeuse-numerique-gima-d-500-avec-imprimante-230v\/"},"modified":"2024-01-02T23:23:00","modified_gmt":"2024-01-02T22:23:00","slug":"soudeuse-numerique-gima-d-500-avec-imprimante-230v","status":"publish","type":"product","link":"https:\/\/chmedica.ch\/fr\/produit\/soudeuse-numerique-gima-d-500-avec-imprimante-230v\/","title":{"rendered":"SOUDEUSE NUM\u00c9RIQUE GIMA D-500 avec imprimante 230V"},"content":{"rendered":"<p>\u2022 Vitesse d&rsquo;alimentation: 6 m\/min<br \/>\n\u2022 Contr\u00f4le de la temp\u00e9rature: par thermor\u00e9gulateur num\u00e9rique<br \/>\n\u2022 Temp\u00e9rature de soudure: 40\u00b0 &#8211; 180\u00b0 C<br \/>\n\u2022 Tol\u00e9rance de temp\u00e9rature:\u00b15%<br \/>\n\u2022 Soudure: Multiligne<br \/>\n\u2022 Largeur de soudure: 12 mm<br \/>\n\u2022 Bord libre r\u00e9glable: 0 \u00f7 30<br \/>\n\u2022 Alimentation: 230V &#8211; 50Hz &#8211; phase unique<br \/>\n\u2022 Absorption: 600 W<br \/>\n\u2022 Dimensions: 473 x 235 x 181 mm<br \/>\n\u2022 Poids net: 12 kg<\/p>\n","protected":false},"excerpt":{"rendered":"<p>La D-500 est une soudeuse en continu pour sachets m\u00e9dicaux, conforme \u00e0 la norme DIN 58953, P7, dot\u00e9e d&rsquo;une imprimante matricielle. Elle r\u00e9alise une soudure multiligne de 12 mm, comporte une fonction \u00ab Stand-by \u00bb et est aliment\u00e9e automatiquement par photocellule. La D-500 est \u00e9quip\u00e9e d&rsquo;une imprimante int\u00e9gr\u00e9e pour l&rsquo;impression des diff\u00e9rentes donn\u00e9es sur le sachet (dates de st\u00e9rilisation\/p\u00e9remption, symboles l\u00e9gaux) lors du processus de soudure, afin d&rsquo;assurer un contr\u00f4le constant de la st\u00e9rilit\u00e9 de vos instruments, en particulier lorsque la couche en papier du sachet de st\u00e9rilisation est moins herm\u00e9tique apr\u00e8s 30 jours, entra\u00eenant une perte de st\u00e9rilit\u00e9 du contenu. Fabriqu\u00e9e en acier inoxydable rev\u00eatu d&rsquo;\u00e9poxy. La D-500 est une unit\u00e9 sophistiqu\u00e9e contr\u00f4l\u00e9e par un microprocesseur et \u00e9quip\u00e9e d&rsquo;un dispositif de r\u00e9glage de la temp\u00e9rature (affichage LCD) et des param\u00e8tres d&rsquo;impression. La pression de soundure est automatiquement r\u00e9gl\u00e9e en fonction de  l&rsquo;epaisseur du mat\u00e9riau. Elle garantit \u00e9galement une distance de s\u00e9curit\u00e9 de 30 mm entre la ligne de soudure et le produit, conform\u00e9ment \u00e0 la norme DIN. Tous les centres m\u00e9dicaux d\u00e9sirant obtenir des certifications devraient utiliser la soudeuse D-500. Facile \u00e0 utiliser et sans maintenance, elle constitue la solution id\u00e9ale pour les cliniques et h\u00f4pitaux. Fabriqu\u00e9 in Italie.<\/p>\n","protected":false},"featured_media":73131,"template":"","meta":{"_acf_changed":false},"product_brand":[],"product_cat":[892,1486],"product_tag":[],"class_list":{"0":"post-73149","1":"product","2":"type-product","3":"status-publish","4":"has-post-thumbnail","6":"product_cat-sterilisation-fr","7":"product_cat-thermosoudeuses","9":"first","10":"onbackorder","11":"taxable","12":"shipping-taxable","13":"purchasable","14":"product-type-simple"},"acf":{"fornitore":"GIMA","standard_accessori":"","unita_misura":"1 pz."},"_links":{"self":[{"href":"https:\/\/chmedica.ch\/fr\/wp-json\/wp\/v2\/product\/73149","targetHints":{"allow":["GET"]}}],"collection":[{"href":"https:\/\/chmedica.ch\/fr\/wp-json\/wp\/v2\/product"}],"about":[{"href":"https:\/\/chmedica.ch\/fr\/wp-json\/wp\/v2\/types\/product"}],"wp:featuredmedia":[{"embeddable":true,"href":"https:\/\/chmedica.ch\/fr\/wp-json\/wp\/v2\/media\/73131"}],"wp:attachment":[{"href":"https:\/\/chmedica.ch\/fr\/wp-json\/wp\/v2\/media?parent=73149"}],"wp:term":[{"taxonomy":"product_brand","embeddable":true,"href":"https:\/\/chmedica.ch\/fr\/wp-json\/wp\/v2\/product_brand?post=73149"},{"taxonomy":"product_cat","embeddable":true,"href":"https:\/\/chmedica.ch\/fr\/wp-json\/wp\/v2\/product_cat?post=73149"},{"taxonomy":"product_tag","embeddable":true,"href":"https:\/\/chmedica.ch\/fr\/wp-json\/wp\/v2\/product_tag?post=73149"}],"curies":[{"name":"wp","href":"https:\/\/api.w.org\/{rel}","templated":true}]}}