{"id":73125,"date":"2023-06-23T02:42:46","date_gmt":"2023-06-23T00:42:46","guid":{"rendered":"https:\/\/chmedica.ch\/prodotto\/soudeuse-numerique-gima-d-600-avec-systeme-de-validation\/"},"modified":"2024-01-02T23:23:13","modified_gmt":"2024-01-02T22:23:13","slug":"soudeuse-numerique-gima-d-600-avec-systeme-de-validation","status":"publish","type":"product","link":"https:\/\/chmedica.ch\/fr\/produit\/soudeuse-numerique-gima-d-600-avec-systeme-de-validation\/","title":{"rendered":"SOUDEUSE NUM\u00c9RIQUE GIMA D-600 avec syst\u00e8me de validation"},"content":{"rendered":"<p>\u2022 Largeur de soudure: 12 mm<br \/>\n\u2022 Soudure multiligne<br \/>\n\u2022 Vitesse de soudure: 6 m\/min<br \/>\n\u2022 R\u00e9glage de la temp\u00e9rature 10-200\u00b0C \u00b1 5 \u00b0C<br \/>\n\u2022 Fonctionnement d\u2019alarmes en dehors de la tol\u00e9rance<br \/>\n\u2022 Mise en veille automatique<br \/>\n\u2022 Clavier \u00e0 membrane 4 touches<br \/>\n\u2022 \u00c9cran LCD 2 lignes 6 caract\u00e8res<br \/>\n\u2022 Menu multilingue<br \/>\n\u2022 Port USB<br \/>\n\u2022 Stockage des donn\u00e9es sur m\u00e9moire USB portable<br \/>\n\u2022 Alimentation 230V\/50 Hz monophas\u00e9 (60Hz sur demande)<br \/>\n\u2022 Courant \u00e9lectrique maximum en entr\u00e9e: 500W<br \/>\n\u2022 Dimensions: 473 x 235 x 181 mm<br \/>\n\u2022 Poids: 12,5 kg<\/p>\n","protected":false},"excerpt":{"rendered":"<p>Avec syst\u00e8me de validation conforme \u00e0 la norme ISO 11607 P.2. Le GIMA 600 a \u00e9t\u00e9 con\u00e7u pour enregistrer continuellement, pendant toute la phase de soudure, tous les param\u00e8tres critiques du processus : temp\u00e9rature, vitesse et pression. Il garantit une soudure dans le respect des normes EN 868- 5\/ISO 11607 P.2, et fournit en temps r\u00e9el la temp\u00e9rature de fonctionnement, la force appliqu\u00e9e et la vitesse de fonctionnement, le temps n\u00e9cessaire pour le processus de soudure. Toutes les donn\u00e9es relatives \u00e0 la soudure peuvent \u00eatre enregistr\u00e9es sur un support externe qui peut \u00eatre reli\u00e9 \u00e0 la soudeuse via un port USB plac\u00e9 sur l\u2019appareil. Le D 600 est contr\u00f4l\u00e9 gr\u00e2ce \u00e0 un microprocesseur. L\u2019interface utilisateur est un affichage clair en 2 lignes, int\u00e9gr\u00e9 \u00e0 un clavier ergonomique plac\u00e9 sur la partie sup\u00e9rieure de la soudeuse dans une position facile \u00e0 utiliser. Facile \u00e0 utiliser et tr\u00e8s fiable, le D 600 est une solution id\u00e9ale pour les h\u00f4pitaux et cliniques voulant utiliser des appareils compl\u00e8tement conformes aux nouvelles normes ISO.<br \/>\nFabriqu\u00e9 en Italie.<\/p>\n","protected":false},"featured_media":0,"template":"","meta":{"_acf_changed":false},"product_brand":[],"product_cat":[892,1486],"product_tag":[],"class_list":{"0":"post-73125","1":"product","2":"type-product","3":"status-publish","5":"product_cat-sterilisation-fr","6":"product_cat-thermosoudeuses","8":"first","9":"onbackorder","10":"taxable","11":"shipping-taxable","12":"purchasable","13":"product-type-simple"},"acf":{"fornitore":"GIMA","standard_accessori":"","unita_misura":"1 pz."},"_links":{"self":[{"href":"https:\/\/chmedica.ch\/fr\/wp-json\/wp\/v2\/product\/73125","targetHints":{"allow":["GET"]}}],"collection":[{"href":"https:\/\/chmedica.ch\/fr\/wp-json\/wp\/v2\/product"}],"about":[{"href":"https:\/\/chmedica.ch\/fr\/wp-json\/wp\/v2\/types\/product"}],"wp:attachment":[{"href":"https:\/\/chmedica.ch\/fr\/wp-json\/wp\/v2\/media?parent=73125"}],"wp:term":[{"taxonomy":"product_brand","embeddable":true,"href":"https:\/\/chmedica.ch\/fr\/wp-json\/wp\/v2\/product_brand?post=73125"},{"taxonomy":"product_cat","embeddable":true,"href":"https:\/\/chmedica.ch\/fr\/wp-json\/wp\/v2\/product_cat?post=73125"},{"taxonomy":"product_tag","embeddable":true,"href":"https:\/\/chmedica.ch\/fr\/wp-json\/wp\/v2\/product_tag?post=73125"}],"curies":[{"name":"wp","href":"https:\/\/api.w.org\/{rel}","templated":true}]}}