{"id":73101,"date":"2023-06-23T02:42:29","date_gmt":"2023-06-23T00:42:29","guid":{"rendered":"https:\/\/chmedica.ch\/prodotto\/soudeuse-gima-gd-301-evo-complet\/"},"modified":"2024-01-02T23:23:40","modified_gmt":"2024-01-02T22:23:40","slug":"soudeuse-gima-gd-301-evo-complet","status":"publish","type":"product","link":"https:\/\/chmedica.ch\/fr\/produit\/soudeuse-gima-gd-301-evo-complet\/","title":{"rendered":"SOUDEUSE GIMA GD-301 EVO &#8211; complet"},"content":{"rendered":"<p>Joint de soudure: 12 mm<br \/>\nLongueur de la soudure: 300 mm<br \/>\nTemp\u00e9rature de soudure continuellement contr\u00f4l\u00e9e<br \/>\nDispositif de coupe int\u00e9gr\u00e9<br \/>\nTemp\u00e9rature et dur\u00e9e de soudure fixes<br \/>\nActivation manuelle<br \/>\nAlimentation: 230 V \/ 50-60 Hz, monophas\u00e9<br \/>\nEntr\u00e9e \u00e9lectrique: 900 W<br \/>\nIndice de protection: IP 20<br \/>\nDimensions de la soudeuse: 452 x 248 x 146 mm<br \/>\nDimensions du porte-rouleau: 458 x 412 x 242 mm<\/p>\n","protected":false},"excerpt":{"rendered":"<p>SOUDEUSE GD-301 EVO &#8211; appareil complet, avec porterouleau de soudure, lame de d\u00e9coupage et niveau.<\/p>\n<p>Soudeuse manuelle pour sachets m\u00e9dicaux et rouleaux correspondants au DIN 58953-7:2008. Nouveaux mod\u00e8les avec 3 \u00e9l\u00e9ments chauffants en c\u00e9ramique pour souder plus<br \/>\nrapidement et d&rsquo;une mani\u00e8re plus pr\u00e9cise; syst\u00e8me am\u00e9lior\u00e9 en entr\u00e9e et sortie pour garder le film \u00e0 plat et en \u00e9viter tout mouvement \u00e0 l&rsquo;int\u00e9rieur de la soudeuse.<\/p>\n<p>Facile \u00e0 utiliser, fiable et extr\u00eamement compact, id\u00e9al en dentisterie et pour les laboratoires m\u00e9dicaux et v\u00e9t\u00e9rinaires.<br \/>\nBarre de soudure de 300 mm actionn\u00e9e manuellement par un levier.<br \/>\nContr\u00f4le continu de la temp\u00e9rature de la soudure, pour \u00e9conomiser des consommables.<br \/>\nCompact en position verticale pour r\u00e9duire l\u2019espace utilis\u00e9 au minimum.<br \/>\nPorte-rouleau int\u00e9gr\u00e9 et amovible, qui peut \u00eatre utilis\u00e9 \u00e0 part.<br \/>\nUtilisable uniquement avec papier m\u00e9dical PP et\/ou sachets en plastique indiqu\u00e9s pour la st\u00e9rilisation \u00e0 la vapeur.<\/p>\n","protected":false},"featured_media":73095,"template":"","meta":{"_acf_changed":false},"product_brand":[],"product_cat":[892,1486],"product_tag":[],"class_list":{"0":"post-73101","1":"product","2":"type-product","3":"status-publish","4":"has-post-thumbnail","6":"product_cat-sterilisation-fr","7":"product_cat-thermosoudeuses","9":"first","10":"onbackorder","11":"taxable","12":"shipping-taxable","13":"purchasable","14":"product-type-simple"},"acf":{"fornitore":"GIMA","standard_accessori":"","unita_misura":"1 pz."},"_links":{"self":[{"href":"https:\/\/chmedica.ch\/fr\/wp-json\/wp\/v2\/product\/73101","targetHints":{"allow":["GET"]}}],"collection":[{"href":"https:\/\/chmedica.ch\/fr\/wp-json\/wp\/v2\/product"}],"about":[{"href":"https:\/\/chmedica.ch\/fr\/wp-json\/wp\/v2\/types\/product"}],"wp:featuredmedia":[{"embeddable":true,"href":"https:\/\/chmedica.ch\/fr\/wp-json\/wp\/v2\/media\/73095"}],"wp:attachment":[{"href":"https:\/\/chmedica.ch\/fr\/wp-json\/wp\/v2\/media?parent=73101"}],"wp:term":[{"taxonomy":"product_brand","embeddable":true,"href":"https:\/\/chmedica.ch\/fr\/wp-json\/wp\/v2\/product_brand?post=73101"},{"taxonomy":"product_cat","embeddable":true,"href":"https:\/\/chmedica.ch\/fr\/wp-json\/wp\/v2\/product_cat?post=73101"},{"taxonomy":"product_tag","embeddable":true,"href":"https:\/\/chmedica.ch\/fr\/wp-json\/wp\/v2\/product_tag?post=73101"}],"curies":[{"name":"wp","href":"https:\/\/api.w.org\/{rel}","templated":true}]}}