{"id":73044,"date":"2023-06-23T02:41:54","date_gmt":"2023-06-23T00:41:54","guid":{"rendered":"https:\/\/chmedica.ch\/prodotto\/bandes-demulation-a-vapeur-classe-6\/"},"modified":"2024-01-02T23:24:38","modified_gmt":"2024-01-02T22:24:38","slug":"bandes-demulation-a-vapeur-classe-6","status":"publish","type":"product","link":"https:\/\/chmedica.ch\/fr\/produit\/bandes-demulation-a-vapeur-classe-6\/","title":{"rendered":"BANDES D&rsquo;\u00c9MULATION \u00c0 VAPEUR CLASSE 6"},"content":{"rendered":"","protected":false},"excerpt":{"rendered":"<p>BANDES INDICATRICES DE VAPEUR IMITANT LE TYPE 6 &#8211; bo\u00eete de 250 bandes<\/p>\n<p>Les bandes indicatrices imitant le type 6 sont con\u00e7ues pour une utilisation avec des st\u00e9rilisateurs \u00e0 vapeur fonctionnant \u00e0 121\u00b0C &#8211; 15 min e 134\u00b0C &#8211; 3,5 min.<br \/>\nLes indicateurs de test du cycle peuvent \u00eatre utilis\u00e9s avec tout dispositif adapt\u00e9 \u00e0 la st\u00e9rilisation et garantissent une p\u00e9n\u00e9tration de la vapeur dans les dispositifs et la pr\u00e9sence de tous les param\u00e8tres cruciaux de la vapeur dans le cycle de st\u00e9rilisation.<br \/>\nL\u2019indicateur \u00e0 base d\u2019eau et chimiquement non toxique en conformit\u00e9 \u00e0 la norme ISO 11140 &#8211; 1 montre un net changement de couleur du bleu au lilas apr\u00e8s la st\u00e9rilisation.<\/p>\n","protected":false},"featured_media":73032,"template":"","meta":{"_acf_changed":false},"product_brand":[],"product_cat":[892,1490],"product_tag":[],"class_list":{"0":"post-73044","1":"product","2":"type-product","3":"status-publish","4":"has-post-thumbnail","6":"product_cat-sterilisation-fr","7":"product_cat-tests-de-sterilisation","9":"first","10":"onbackorder","11":"taxable","12":"shipping-taxable","13":"purchasable","14":"product-type-simple"},"acf":{"fornitore":"GIMA","standard_accessori":"","unita_misura":"conf. 250 pz."},"_links":{"self":[{"href":"https:\/\/chmedica.ch\/fr\/wp-json\/wp\/v2\/product\/73044","targetHints":{"allow":["GET"]}}],"collection":[{"href":"https:\/\/chmedica.ch\/fr\/wp-json\/wp\/v2\/product"}],"about":[{"href":"https:\/\/chmedica.ch\/fr\/wp-json\/wp\/v2\/types\/product"}],"wp:featuredmedia":[{"embeddable":true,"href":"https:\/\/chmedica.ch\/fr\/wp-json\/wp\/v2\/media\/73032"}],"wp:attachment":[{"href":"https:\/\/chmedica.ch\/fr\/wp-json\/wp\/v2\/media?parent=73044"}],"wp:term":[{"taxonomy":"product_brand","embeddable":true,"href":"https:\/\/chmedica.ch\/fr\/wp-json\/wp\/v2\/product_brand?post=73044"},{"taxonomy":"product_cat","embeddable":true,"href":"https:\/\/chmedica.ch\/fr\/wp-json\/wp\/v2\/product_cat?post=73044"},{"taxonomy":"product_tag","embeddable":true,"href":"https:\/\/chmedica.ch\/fr\/wp-json\/wp\/v2\/product_tag?post=73044"}],"curies":[{"name":"wp","href":"https:\/\/api.w.org\/{rel}","templated":true}]}}