{"id":73029,"date":"2023-06-23T02:41:47","date_gmt":"2023-06-23T00:41:47","guid":{"rendered":"https:\/\/chmedica.ch\/prodotto\/bandes-doxyde-dethylene-a-deux\/"},"modified":"2024-01-02T23:24:44","modified_gmt":"2024-01-02T22:24:44","slug":"bandes-doxyde-dethylene-a-deux","status":"publish","type":"product","link":"https:\/\/chmedica.ch\/fr\/produit\/bandes-doxyde-dethylene-a-deux\/","title":{"rendered":"BANDES D&rsquo;OXYDE D&rsquo;\u00c9THYL\u00c8NE &#8211; \u00e0 deux"},"content":{"rendered":"","protected":false},"excerpt":{"rendered":"<p>BANDES \u00c0 L\u2019OXYDE D\u2019\u00c9THYL\u00c8NE &#8211; bo\u00eete de 250 \u00e0 double bande<\/p>\n<p>Les bandes indicatrices \u00e0 l\u2019oxyde d\u2019\u00e9thyl\u00e8ne (EO) de type 5 sont con\u00e7ues pour \u00eatre utilis\u00e9es avec des st\u00e9rilisateurs E.O. en conformit\u00e9 \u00e0 la norme ISO 11135.<br \/>\nLes bandes indicatrices sont utilisables avec tout dispositif adapt\u00e9 \u00e0 la st\u00e9rilisation et garantissent une p\u00e9n\u00e9tration de gaz E.O \u00e0 l\u2019int\u00e9rieur du dispositif.<br \/>\nL\u2019indicateur \u00e0 base d\u2019eau et chimiquement non toxique en conformit\u00e9 \u00e0 la norme ISO 11140 &#8211; 1 montre un net changement de couleur du blanc au jaune apr\u00e8s la st\u00e9rilisation.<br \/>\nLes indicateurs de test en bandes sont pratiques et \u00e9conomiques et peuvent \u00eatre divis\u00e9s en deux pi\u00e8ces.<\/p>\n","protected":false},"featured_media":73017,"template":"","meta":{"_acf_changed":false},"product_brand":[],"product_cat":[892,1490],"product_tag":[],"class_list":{"0":"post-73029","1":"product","2":"type-product","3":"status-publish","4":"has-post-thumbnail","6":"product_cat-sterilisation-fr","7":"product_cat-tests-de-sterilisation","9":"first","10":"onbackorder","11":"taxable","12":"shipping-taxable","13":"purchasable","14":"product-type-simple"},"acf":{"fornitore":"GIMA","standard_accessori":"","unita_misura":"conf. 250 pz."},"_links":{"self":[{"href":"https:\/\/chmedica.ch\/fr\/wp-json\/wp\/v2\/product\/73029","targetHints":{"allow":["GET"]}}],"collection":[{"href":"https:\/\/chmedica.ch\/fr\/wp-json\/wp\/v2\/product"}],"about":[{"href":"https:\/\/chmedica.ch\/fr\/wp-json\/wp\/v2\/types\/product"}],"wp:featuredmedia":[{"embeddable":true,"href":"https:\/\/chmedica.ch\/fr\/wp-json\/wp\/v2\/media\/73017"}],"wp:attachment":[{"href":"https:\/\/chmedica.ch\/fr\/wp-json\/wp\/v2\/media?parent=73029"}],"wp:term":[{"taxonomy":"product_brand","embeddable":true,"href":"https:\/\/chmedica.ch\/fr\/wp-json\/wp\/v2\/product_brand?post=73029"},{"taxonomy":"product_cat","embeddable":true,"href":"https:\/\/chmedica.ch\/fr\/wp-json\/wp\/v2\/product_cat?post=73029"},{"taxonomy":"product_tag","embeddable":true,"href":"https:\/\/chmedica.ch\/fr\/wp-json\/wp\/v2\/product_tag?post=73029"}],"curies":[{"name":"wp","href":"https:\/\/api.w.org\/{rel}","templated":true}]}}