{"id":73014,"date":"2023-06-23T02:41:41","date_gmt":"2023-06-23T00:41:41","guid":{"rendered":"https:\/\/chmedica.ch\/prodotto\/controle-de-sceau\/"},"modified":"2024-01-02T23:24:51","modified_gmt":"2024-01-02T22:24:51","slug":"controle-de-sceau","status":"publish","type":"product","link":"https:\/\/chmedica.ch\/fr\/produit\/controle-de-sceau\/","title":{"rendered":"CONTR\u00d4LE DE SCEAU"},"content":{"rendered":"","protected":false},"excerpt":{"rendered":"<p>CONTR\u00d4LE DU SCELLAGE<\/p>\n<p>\u2022 bo\u00eete de 250 unit\u00e9s<br \/>\n\u2022 dimensions: 175 x 75<br \/>\n\u2022 adapt\u00e9 \u00e0 toutes les soudeuses thermiques rotatives<\/p>\n<p>La norme ISO 11607 r\u00e9glemente un contr\u00f4le quotidien des thermoscell\u00e9es.<br \/>\nLe contr\u00f4le du scellage est une m\u00e9thode pour effectuer les tests requis et pour documenter le type de scellage, le jour, la personne qui a effectu\u00e9 le test et de montrer clairement les r\u00e9sultats de la capacit\u00e9 de votre thermoscelleuse.<br \/>\nLorsqu\u2019il est introduit \u00e0 l\u2019int\u00e9rieur d\u2019un sachet scell\u00e9, la zone scell\u00e9e devient plus fonc\u00e9e indiquant ainsi que le scellage est parfait, r\u00e9gl\u00e9 et sans lacunes.<\/p>\n","protected":false},"featured_media":73008,"template":"","meta":{"_acf_changed":false},"product_brand":[],"product_cat":[892,1490],"product_tag":[],"class_list":{"0":"post-73014","1":"product","2":"type-product","3":"status-publish","4":"has-post-thumbnail","6":"product_cat-sterilisation-fr","7":"product_cat-tests-de-sterilisation","9":"first","10":"onbackorder","11":"taxable","12":"shipping-taxable","13":"purchasable","14":"product-type-simple"},"acf":{"fornitore":"GIMA","standard_accessori":"","unita_misura":"conf. 250 pz."},"_links":{"self":[{"href":"https:\/\/chmedica.ch\/fr\/wp-json\/wp\/v2\/product\/73014","targetHints":{"allow":["GET"]}}],"collection":[{"href":"https:\/\/chmedica.ch\/fr\/wp-json\/wp\/v2\/product"}],"about":[{"href":"https:\/\/chmedica.ch\/fr\/wp-json\/wp\/v2\/types\/product"}],"wp:featuredmedia":[{"embeddable":true,"href":"https:\/\/chmedica.ch\/fr\/wp-json\/wp\/v2\/media\/73008"}],"wp:attachment":[{"href":"https:\/\/chmedica.ch\/fr\/wp-json\/wp\/v2\/media?parent=73014"}],"wp:term":[{"taxonomy":"product_brand","embeddable":true,"href":"https:\/\/chmedica.ch\/fr\/wp-json\/wp\/v2\/product_brand?post=73014"},{"taxonomy":"product_cat","embeddable":true,"href":"https:\/\/chmedica.ch\/fr\/wp-json\/wp\/v2\/product_cat?post=73014"},{"taxonomy":"product_tag","embeddable":true,"href":"https:\/\/chmedica.ch\/fr\/wp-json\/wp\/v2\/product_tag?post=73014"}],"curies":[{"name":"wp","href":"https:\/\/api.w.org\/{rel}","templated":true}]}}