{"id":72975,"date":"2023-06-23T02:41:21","date_gmt":"2023-06-23T00:41:21","guid":{"rendered":"https:\/\/chmedica.ch\/prodotto\/etiqueteuse-medicale-a-2-lignes-1414-chiffres\/"},"modified":"2024-01-02T23:25:24","modified_gmt":"2024-01-02T22:25:24","slug":"etiqueteuse-medicale-a-2-lignes-1414-chiffres","status":"publish","type":"product","link":"https:\/\/chmedica.ch\/fr\/produit\/etiqueteuse-medicale-a-2-lignes-1414-chiffres\/","title":{"rendered":"\u00c9TIQUETEUSE M\u00c9DICALE \u00c0 2 LIGNES 14+14 CHIFFRES"},"content":{"rendered":"","protected":false},"excerpt":{"rendered":"<p>\u00c9TIQUETEUSE M\u00c9DICALE \u00c0 2 LIGNES 14+14 CHIFFRES<\/p>\n<p>Fiable, facile \u00e0 utiliser et durable, elle peut servir pendant des ann\u00e9es d\u2019usage intensif.<\/p>\n<p>Toutes les informations n\u00e9cessaires peuvent \u00eatre imprim\u00e9es comme: num\u00e9ro de lot, num\u00e9ro de st\u00e9rilisateur\/cycle, date de st\u00e9rilisation et date de p\u00e9remption.<\/p>\n<p>Livr\u00e9e avec mode d\u2019emploi multilingue (GB, FR, IT, ES, Arabe) et 1 rouleau encreur.<\/p>\n<p>Le syst\u00e8me de tra\u00e7abilit\u00e9 des instruments permet une gestion correcte et simple des mat\u00e9riaux st\u00e9rilis\u00e9s. Ce syst\u00e8me suit chaque instrument, \u00e0 partir de la pr\u00e9paration jusqu\u2019\u00e0 la st\u00e9rilisation et \u00e0 son emploi final.<br \/>\nL\u2019utilisation combin\u00e9e de l\u2019\u00e9tiqueteuse et des \u00e9tiquettes offre un syst\u00e8me de donn\u00e9es complet et essentiel pour prot\u00e9ger chaque op\u00e9rateur et les services m\u00e9dicaux.<\/p>\n<p>&#8211; impression facile d\u2019\u00e9tiquettes identiques avec un minimum de temps et d\u2019effort<br \/>\n&#8211; \u00e9limination des erreurs dans les num\u00e9ros de lot<br \/>\n&#8211; interpr\u00e9tation facile des r\u00e9sultats gr\u00e2ce au changement pr\u00e9cis de couleur<br \/>\n&#8211; les \u00e9tiquettes avec indicateur \u00e9vitent toute n\u00e9cessit\u00e9 d\u2019indicateurs de proc\u00e9d\u00e9 suppl\u00e9mentaires<\/p>\n","protected":false},"featured_media":72969,"template":"","meta":{"_acf_changed":false},"product_brand":[],"product_cat":[1480,892],"product_tag":[],"class_list":{"0":"post-72975","1":"product","2":"type-product","3":"status-publish","4":"has-post-thumbnail","6":"product_cat-etiqueteuse","7":"product_cat-sterilisation-fr","9":"first","10":"onbackorder","11":"taxable","12":"shipping-taxable","13":"purchasable","14":"product-type-simple"},"acf":{"fornitore":"GIMA","standard_accessori":"","unita_misura":"1 pz."},"_links":{"self":[{"href":"https:\/\/chmedica.ch\/fr\/wp-json\/wp\/v2\/product\/72975","targetHints":{"allow":["GET"]}}],"collection":[{"href":"https:\/\/chmedica.ch\/fr\/wp-json\/wp\/v2\/product"}],"about":[{"href":"https:\/\/chmedica.ch\/fr\/wp-json\/wp\/v2\/types\/product"}],"wp:featuredmedia":[{"embeddable":true,"href":"https:\/\/chmedica.ch\/fr\/wp-json\/wp\/v2\/media\/72969"}],"wp:attachment":[{"href":"https:\/\/chmedica.ch\/fr\/wp-json\/wp\/v2\/media?parent=72975"}],"wp:term":[{"taxonomy":"product_brand","embeddable":true,"href":"https:\/\/chmedica.ch\/fr\/wp-json\/wp\/v2\/product_brand?post=72975"},{"taxonomy":"product_cat","embeddable":true,"href":"https:\/\/chmedica.ch\/fr\/wp-json\/wp\/v2\/product_cat?post=72975"},{"taxonomy":"product_tag","embeddable":true,"href":"https:\/\/chmedica.ch\/fr\/wp-json\/wp\/v2\/product_tag?post=72975"}],"curies":[{"name":"wp","href":"https:\/\/api.w.org\/{rel}","templated":true}]}}