{"id":72957,"date":"2023-06-23T02:41:11","date_gmt":"2023-06-23T00:41:11","guid":{"rendered":"https:\/\/chmedica.ch\/prodotto\/etiquette-de-vapeur-a-2-lignes\/"},"modified":"2024-01-02T23:25:37","modified_gmt":"2024-01-02T22:25:37","slug":"etiquette-de-vapeur-a-2-lignes","status":"publish","type":"product","link":"https:\/\/chmedica.ch\/fr\/produit\/etiquette-de-vapeur-a-2-lignes\/","title":{"rendered":"\u00c9TIQUETTE DE VAPEUR \u00c0 2 LIGNES"},"content":{"rendered":"","protected":false},"excerpt":{"rendered":"<p>\u00c9TIQUETTE DE VAPEUR \u00c0 2 LIGNES &#8211; bo\u00eete de 12 000 (24 rouleaux de 500 \u00e9tiquettes)<\/p>\n<p>La premi\u00e8re ligne d\u2019impression peut afficher: 3 chiffres alphab\u00e9tiques + 11 nombres<\/p>\n<p>La seconde ligne d\u2019impression peut afficher: 14 nombres<\/p>\n<p>\u00c9tiquette indicateur de vapeur, adapt\u00e9e pour le cycle de st\u00e9rilisation \u00e0 vapeur.<br \/>\nDouble support adh\u00e9sif. Apr\u00e8s le cycle de st\u00e9rilisation l\u2019indicateur passe de la couleur ROSE originelle au MARRON.<\/p>\n<p>Indicateur de proc\u00e8s: Norme vapeur ISO 11140-1 Classe 1, encre atoxique, sans latex.<\/p>\n","protected":false},"featured_media":72939,"template":"","meta":{"_acf_changed":false},"product_brand":[],"product_cat":[1480,892],"product_tag":[],"class_list":{"0":"post-72957","1":"product","2":"type-product","3":"status-publish","4":"has-post-thumbnail","6":"product_cat-etiqueteuse","7":"product_cat-sterilisation-fr","9":"first","10":"onbackorder","11":"taxable","12":"shipping-taxable","13":"purchasable","14":"product-type-simple"},"acf":{"fornitore":"GIMA","standard_accessori":"","unita_misura":"conf. 12000 pz."},"_links":{"self":[{"href":"https:\/\/chmedica.ch\/fr\/wp-json\/wp\/v2\/product\/72957","targetHints":{"allow":["GET"]}}],"collection":[{"href":"https:\/\/chmedica.ch\/fr\/wp-json\/wp\/v2\/product"}],"about":[{"href":"https:\/\/chmedica.ch\/fr\/wp-json\/wp\/v2\/types\/product"}],"wp:featuredmedia":[{"embeddable":true,"href":"https:\/\/chmedica.ch\/fr\/wp-json\/wp\/v2\/media\/72939"}],"wp:attachment":[{"href":"https:\/\/chmedica.ch\/fr\/wp-json\/wp\/v2\/media?parent=72957"}],"wp:term":[{"taxonomy":"product_brand","embeddable":true,"href":"https:\/\/chmedica.ch\/fr\/wp-json\/wp\/v2\/product_brand?post=72957"},{"taxonomy":"product_cat","embeddable":true,"href":"https:\/\/chmedica.ch\/fr\/wp-json\/wp\/v2\/product_cat?post=72957"},{"taxonomy":"product_tag","embeddable":true,"href":"https:\/\/chmedica.ch\/fr\/wp-json\/wp\/v2\/product_tag?post=72957"}],"curies":[{"name":"wp","href":"https:\/\/api.w.org\/{rel}","templated":true}]}}