{"id":72873,"date":"2023-06-23T02:40:43","date_gmt":"2023-06-23T00:40:43","guid":{"rendered":"https:\/\/chmedica.ch\/prodotto\/pellicule-antimicrobienne-adhesive-200-mic-rouleau-5-m-x-400-mm\/"},"modified":"2024-01-02T23:26:18","modified_gmt":"2024-01-02T22:26:18","slug":"pellicule-antimicrobienne-adhesive-200-mic-rouleau-5-m-x-400-mm","status":"publish","type":"product","link":"https:\/\/chmedica.ch\/fr\/produit\/pellicule-antimicrobienne-adhesive-200-mic-rouleau-5-m-x-400-mm\/","title":{"rendered":"PELLICULE ANTIMICROBIENNE ADH\u00c9SIVE 200 Mic &#8211; rouleau 5 m x 400 mm"},"content":{"rendered":"","protected":false},"excerpt":{"rendered":"<p>PELLICULE ANTIMICROBIENNE ADH\u00c9SIVE 200 mic &#8211; rouleau 5 m<\/p>\n<p>\u2022 PELLICULE EN ARGENT &#8211; rouleau 5 m x 400 mm<br \/>\n\u2022 Type: Adh\u00e9sive<br \/>\n\u2022 \u00c9paisseur: 200 micron<br \/>\n\u2022 Couleur: Argent<br \/>\n\u2022 Dur\u00e9e: &gt; 6 mois<br \/>\n\u2022 Applications: Utilisation g\u00e9n\u00e9rique (surfaces plates et non plates)<br \/>\n\u2022 Dispositif M\u00e9dical Directive 94\/42\/CEE<br \/>\n\u2022 Test antiviral: ISO21702 Test antibact\u00e9rien JIS Z-2801<\/p>\n<p>Pellicule en argent d\u00e9velopp\u00e9e pour r\u00e9duire la transmission indirecte de virus et bact\u00e9ries, disponible en trois versions: transparente adh\u00e9sive et non adh\u00e9sive, argent\u00e9e adh\u00e9sive.<\/p>\n<p>Elle r\u00e9duit la charge virale de 99,24% au bout de 30 minutes, de 99,76% au bout d&rsquo;une heure et de 99,97% au bout de 24 heures, apr\u00e8s qu&rsquo;elle est entr\u00e9e en contact avec virus et bact\u00e9ries.<br \/>\nTous les types de pellicule sont applicables sur une vaste gamme d&rsquo;objets et de surfaces dans des milieux diff\u00e9rents: \u00e9tablissements publics et m\u00e9dicaux, maisons, magasins, dispositifs.<\/p>\n<p>L&rsquo;\u00e9paisseur exclusive de 105 mic ou de 200 mic garantit une plus grande efficacit\u00e9: par rapport \u00e0 d&rsquo;autres produits similaires, la pellicule offre une meilleure protection, en raison de l&rsquo;\u00e9paisseur de 105 ou de 200 mic et \u00e0 la pr\u00e9sence de l&rsquo;argent.<\/p>\n<p>Les ions argent \u00e9vitent la prolif\u00e9ration de bact\u00e9ries et virus: les nanoparticules d&rsquo;argent p\u00e9n\u00e8trent \u00e0 l&rsquo;int\u00e9rieur de virus et bact\u00e9ries et les d\u00e9truisent par une r\u00e9action appel\u00e9e \u00ab\u00a0r\u00e9action IONIQUE\u00a0\u00bb.<\/p>\n<p>Transparente et anti-reflet<br \/>\nAnti-traces et anti-\u00e9clatement: le rev\u00eatement sp\u00e9cial facilite l&rsquo;effacement d&#8217;empreintes ou taches et prot\u00e8ge contre l&rsquo;endommagement.<\/p>\n<p>Enti\u00e8rement en PET, qui se conserve propre et transparent.<\/p>\n<p>Le niveau de duret\u00e9 3H garantit dur\u00e9e (&gt; 6 mois) et protection contre chocs et rayures.<\/p>\n","protected":false},"featured_media":72855,"template":"","meta":{"_acf_changed":false},"product_brand":[],"product_cat":[924,1470],"product_tag":[],"class_list":{"0":"post-72873","1":"product","2":"type-product","3":"status-publish","4":"has-post-thumbnail","6":"product_cat-desinfectants-et-sterilisation-froide","7":"product_cat-tapis-de-decontamination-et-films-antimicrobiens","9":"first","10":"onbackorder","11":"taxable","12":"shipping-taxable","13":"purchasable","14":"product-type-simple"},"acf":{"fornitore":"GIMA","standard_accessori":"","unita_misura":"1 pz."},"_links":{"self":[{"href":"https:\/\/chmedica.ch\/fr\/wp-json\/wp\/v2\/product\/72873","targetHints":{"allow":["GET"]}}],"collection":[{"href":"https:\/\/chmedica.ch\/fr\/wp-json\/wp\/v2\/product"}],"about":[{"href":"https:\/\/chmedica.ch\/fr\/wp-json\/wp\/v2\/types\/product"}],"wp:featuredmedia":[{"embeddable":true,"href":"https:\/\/chmedica.ch\/fr\/wp-json\/wp\/v2\/media\/72855"}],"wp:attachment":[{"href":"https:\/\/chmedica.ch\/fr\/wp-json\/wp\/v2\/media?parent=72873"}],"wp:term":[{"taxonomy":"product_brand","embeddable":true,"href":"https:\/\/chmedica.ch\/fr\/wp-json\/wp\/v2\/product_brand?post=72873"},{"taxonomy":"product_cat","embeddable":true,"href":"https:\/\/chmedica.ch\/fr\/wp-json\/wp\/v2\/product_cat?post=72873"},{"taxonomy":"product_tag","embeddable":true,"href":"https:\/\/chmedica.ch\/fr\/wp-json\/wp\/v2\/product_tag?post=72873"}],"curies":[{"name":"wp","href":"https:\/\/api.w.org\/{rel}","templated":true}]}}