{"id":72705,"date":"2023-06-23T02:39:44","date_gmt":"2023-06-23T00:39:44","guid":{"rendered":"https:\/\/chmedica.ch\/prodotto\/kit-dantisepsie-sterile\/"},"modified":"2024-01-02T23:27:39","modified_gmt":"2024-01-02T22:27:39","slug":"kit-dantisepsie-sterile","status":"publish","type":"product","link":"https:\/\/chmedica.ch\/fr\/produit\/kit-dantisepsie-sterile\/","title":{"rendered":"KIT D&rsquo;ANTISEPSIE &#8211; st\u00e9rile"},"content":{"rendered":"","protected":false},"excerpt":{"rendered":"<p>KIT D&rsquo;ANTISEPSIE &#8211; st\u00e9rile &#8211; distributeur de 30 unit\u00e9s<\/p>\n<p>Kit st\u00e9rile d&rsquo;h\u00f4pital pour la propret\u00e9 des mains.<br \/>\nInclut une brosse, une \u00e9ponge et un b\u00e2tonnet en plastique pour nettoyer les ongles.<br \/>\n\u00c0 utiliser \u00e0 sec sans d\u00e9tergent.<\/p>\n<p>M\u00e9thode de st\u00e9rilisation: ETO.<br \/>\n\u00c9tiquette multilingue (sachet et distributeur): GB, FR, IT, ES, DE, PT, PL, NL, GR, RU, Arabe.<\/p>\n<p>Tous les kits sont conditionn\u00e9s individuellement dans un distributeur de 30 unit\u00e9s<\/p>\n<p>Made in Italy.<\/p>\n","protected":false},"featured_media":0,"template":"","meta":{"_acf_changed":false},"product_brand":[],"product_cat":[1780,924],"product_tag":[],"class_list":{"0":"post-72705","1":"product","2":"type-product","3":"status-publish","5":"product_cat-brosses","6":"product_cat-desinfectants-et-sterilisation-froide","8":"first","9":"onbackorder","10":"taxable","11":"shipping-taxable","12":"purchasable","13":"product-type-simple"},"acf":{"fornitore":"GIMA","standard_accessori":"","unita_misura":"conf. 30 pz."},"_links":{"self":[{"href":"https:\/\/chmedica.ch\/fr\/wp-json\/wp\/v2\/product\/72705","targetHints":{"allow":["GET"]}}],"collection":[{"href":"https:\/\/chmedica.ch\/fr\/wp-json\/wp\/v2\/product"}],"about":[{"href":"https:\/\/chmedica.ch\/fr\/wp-json\/wp\/v2\/types\/product"}],"wp:attachment":[{"href":"https:\/\/chmedica.ch\/fr\/wp-json\/wp\/v2\/media?parent=72705"}],"wp:term":[{"taxonomy":"product_brand","embeddable":true,"href":"https:\/\/chmedica.ch\/fr\/wp-json\/wp\/v2\/product_brand?post=72705"},{"taxonomy":"product_cat","embeddable":true,"href":"https:\/\/chmedica.ch\/fr\/wp-json\/wp\/v2\/product_cat?post=72705"},{"taxonomy":"product_tag","embeddable":true,"href":"https:\/\/chmedica.ch\/fr\/wp-json\/wp\/v2\/product_tag?post=72705"}],"curies":[{"name":"wp","href":"https:\/\/api.w.org\/{rel}","templated":true}]}}