{"id":72645,"date":"2023-06-23T02:39:08","date_gmt":"2023-06-23T00:39:08","guid":{"rendered":"https:\/\/chmedica.ch\/prodotto\/gel-antibacterien-tube-100-ml-vert-pomme\/"},"modified":"2024-01-02T23:28:33","modified_gmt":"2024-01-02T22:28:33","slug":"gel-antibacterien-tube-100-ml-vert-pomme","status":"publish","type":"product","link":"https:\/\/chmedica.ch\/fr\/produit\/gel-antibacterien-tube-100-ml-vert-pomme\/","title":{"rendered":"GEL ANTIBACT\u00c9RIEN &#8211; tube 100 ml &#8211; vert &#8211; pomme"},"content":{"rendered":"<p>Il contient: Alcool 75%, Eau, Glyc\u00e9rine, Propyl\u00e8ne gIycol, Carbom\u00e8re, Tri\u00e9thanolamine.<\/p>\n","protected":false},"excerpt":{"rendered":"<p>GEL ANTIBACT\u00c9RIEN POUR LE LAVAGE DES MAINS<\/p>\n<p>\u2022 Gel antibact\u00e9rien tube 100 ml<br \/>\n\u2022 vert &#8211; pomme<\/p>\n<p>Gel pour le lavage des mains, \u00e0 effet d\u00e9sinfectant.<br \/>\nCe gel pr\u00e9vient et agit contre la formation des bact\u00e9ries. Action<br \/>\nbact\u00e9ricide, virucide, fongicide pour une antisepsie des mains sans eau.<\/p>\n","protected":false},"featured_media":0,"template":"","meta":{"_acf_changed":false},"product_brand":[],"product_cat":[924,1456],"product_tag":[],"class_list":{"0":"post-72645","1":"product","2":"type-product","3":"status-publish","5":"product_cat-desinfectants-et-sterilisation-froide","6":"product_cat-gel-antibacterien","8":"first","9":"onbackorder","10":"taxable","11":"shipping-taxable","12":"purchasable","13":"product-type-simple"},"acf":{"fornitore":"GIMA","standard_accessori":"","unita_misura":"conf. 30 pz."},"_links":{"self":[{"href":"https:\/\/chmedica.ch\/fr\/wp-json\/wp\/v2\/product\/72645","targetHints":{"allow":["GET"]}}],"collection":[{"href":"https:\/\/chmedica.ch\/fr\/wp-json\/wp\/v2\/product"}],"about":[{"href":"https:\/\/chmedica.ch\/fr\/wp-json\/wp\/v2\/types\/product"}],"wp:attachment":[{"href":"https:\/\/chmedica.ch\/fr\/wp-json\/wp\/v2\/media?parent=72645"}],"wp:term":[{"taxonomy":"product_brand","embeddable":true,"href":"https:\/\/chmedica.ch\/fr\/wp-json\/wp\/v2\/product_brand?post=72645"},{"taxonomy":"product_cat","embeddable":true,"href":"https:\/\/chmedica.ch\/fr\/wp-json\/wp\/v2\/product_cat?post=72645"},{"taxonomy":"product_tag","embeddable":true,"href":"https:\/\/chmedica.ch\/fr\/wp-json\/wp\/v2\/product_tag?post=72645"}],"curies":[{"name":"wp","href":"https:\/\/api.w.org\/{rel}","templated":true}]}}