{"id":72198,"date":"2023-06-23T02:35:31","date_gmt":"2023-06-23T00:35:31","guid":{"rendered":"https:\/\/chmedica.ch\/prodotto\/collutoire-germoxid-avec-chlorhexidine-1-l\/"},"modified":"2024-01-02T23:33:57","modified_gmt":"2024-01-02T22:33:57","slug":"collutoire-germoxid-avec-chlorhexidine-1-l","status":"publish","type":"product","link":"https:\/\/chmedica.ch\/fr\/produit\/collutoire-germoxid-avec-chlorhexidine-1-l\/","title":{"rendered":"COLLUTOIRE GERMOXID avec chlorhexidine &#8211; 1 l"},"content":{"rendered":"<p>COMPOSITION CHIMIQUE<br \/>\nEau, Glyc\u00e9rine, Sorbitol, Xylitol, Digluconate de Chlorhexidine, Extrait de Feuilles d&rsquo;Aloe Barbadensis, Polysorbate 20, Allanto\u00efne, Benzoate de Sodium, Ar\u00f4me, Saccharine de Sodium, CI 42051.<\/p>\n","protected":false},"excerpt":{"rendered":"<p>COLLUTOIRE GERMOXID &#8211; avec chlorhexidine &#8211; 1 l<\/p>\n<p>Le collutoire Germoxid est caract\u00e9ris\u00e9 par une formulation contenant Chlorhexidine 0,2%, con\u00e7ue pour pr\u00e9venir l&rsquo;accumulation de plaque dentaire et les inflammations associ\u00e9es, telles que la gingivite.<br \/>\nEnrichi en extraits d&rsquo;Aloe Vera, ayant une action adoucissante et rafra\u00eechissante naturelle.<br \/>\nL&rsquo;absence d&rsquo;alcol \u00e9vite toute irritation des gencives ou sensation de br\u00fblure.<br \/>\nIndiqu\u00e9 pour l&rsquo;hygi\u00e8ne buccale apr\u00e8s les soins dentaires et pour les porteurs de proth\u00e8se ou d&rsquo;appareil orthodontique.<\/p>\n<p>Made in Italy.<\/p>\n","protected":false},"featured_media":72192,"template":"","meta":{"_acf_changed":false},"product_brand":[],"product_cat":[1460,924],"product_tag":[],"class_list":{"0":"post-72198","1":"product","2":"type-product","3":"status-publish","4":"has-post-thumbnail","6":"product_cat-desinfectants-et-nettoyage","7":"product_cat-desinfectants-et-sterilisation-froide","9":"first","10":"onbackorder","11":"taxable","12":"shipping-taxable","13":"purchasable","14":"product-type-simple"},"acf":{"fornitore":"GIMA","standard_accessori":"","unita_misura":"1 pz."},"_links":{"self":[{"href":"https:\/\/chmedica.ch\/fr\/wp-json\/wp\/v2\/product\/72198","targetHints":{"allow":["GET"]}}],"collection":[{"href":"https:\/\/chmedica.ch\/fr\/wp-json\/wp\/v2\/product"}],"about":[{"href":"https:\/\/chmedica.ch\/fr\/wp-json\/wp\/v2\/types\/product"}],"wp:featuredmedia":[{"embeddable":true,"href":"https:\/\/chmedica.ch\/fr\/wp-json\/wp\/v2\/media\/72192"}],"wp:attachment":[{"href":"https:\/\/chmedica.ch\/fr\/wp-json\/wp\/v2\/media?parent=72198"}],"wp:term":[{"taxonomy":"product_brand","embeddable":true,"href":"https:\/\/chmedica.ch\/fr\/wp-json\/wp\/v2\/product_brand?post=72198"},{"taxonomy":"product_cat","embeddable":true,"href":"https:\/\/chmedica.ch\/fr\/wp-json\/wp\/v2\/product_cat?post=72198"},{"taxonomy":"product_tag","embeddable":true,"href":"https:\/\/chmedica.ch\/fr\/wp-json\/wp\/v2\/product_tag?post=72198"}],"curies":[{"name":"wp","href":"https:\/\/api.w.org\/{rel}","templated":true}]}}