{"id":72186,"date":"2023-06-23T02:35:24","date_gmt":"2023-06-23T00:35:24","guid":{"rendered":"https:\/\/chmedica.ch\/prodotto\/collutoire-germoral-300-ml-presentoir\/"},"modified":"2024-01-02T23:34:11","modified_gmt":"2024-01-02T22:34:11","slug":"collutoire-germoral-300-ml-presentoir","status":"publish","type":"product","link":"https:\/\/chmedica.ch\/fr\/produit\/collutoire-germoral-300-ml-presentoir\/","title":{"rendered":"COLLUTOIRE GERMORAL &#8211; 300 ml + PR\u00c9SENTOIR"},"content":{"rendered":"","protected":false},"excerpt":{"rendered":"<p>Indispensable \u00e0 l&rsquo;hygi\u00e8ne buccale quotidienne, Germoral pr\u00e9vient et agit contre la formation de la mauvaise haleine en arr\u00eatant la fermentation dans la cavit\u00e9 buccale.<\/p>\n<p>Il poss\u00e8de une action antiplaque et bact\u00e9ricide essentielle. Particuli\u00e8rement indiqu\u00e9 pour les fumeurs, les porteurs de proth\u00e8se ou de fausses dents ou apr\u00e8s une chirurgie dentaire pour la d\u00e9sinfection de la cavit\u00e9 buccale. Son emploi r\u00e9gulier pr\u00e9vient et agit contre l&rsquo;inflammation, les troubles gingivaux et la formation de plaque dentaire.<\/p>\n<p>Ce pr\u00e9sentoir contient 12 bouteilles de 300 ml.<\/p>\n","protected":false},"featured_media":72180,"template":"","meta":{"_acf_changed":false},"product_brand":[],"product_cat":[1460,924],"product_tag":[],"class_list":{"0":"post-72186","1":"product","2":"type-product","3":"status-publish","4":"has-post-thumbnail","6":"product_cat-desinfectants-et-nettoyage","7":"product_cat-desinfectants-et-sterilisation-froide","9":"first","10":"onbackorder","11":"taxable","12":"shipping-taxable","13":"purchasable","14":"product-type-simple"},"acf":{"fornitore":"GIMA","standard_accessori":"","unita_misura":"conf. 12 pz."},"_links":{"self":[{"href":"https:\/\/chmedica.ch\/fr\/wp-json\/wp\/v2\/product\/72186","targetHints":{"allow":["GET"]}}],"collection":[{"href":"https:\/\/chmedica.ch\/fr\/wp-json\/wp\/v2\/product"}],"about":[{"href":"https:\/\/chmedica.ch\/fr\/wp-json\/wp\/v2\/types\/product"}],"wp:featuredmedia":[{"embeddable":true,"href":"https:\/\/chmedica.ch\/fr\/wp-json\/wp\/v2\/media\/72180"}],"wp:attachment":[{"href":"https:\/\/chmedica.ch\/fr\/wp-json\/wp\/v2\/media?parent=72186"}],"wp:term":[{"taxonomy":"product_brand","embeddable":true,"href":"https:\/\/chmedica.ch\/fr\/wp-json\/wp\/v2\/product_brand?post=72186"},{"taxonomy":"product_cat","embeddable":true,"href":"https:\/\/chmedica.ch\/fr\/wp-json\/wp\/v2\/product_cat?post=72186"},{"taxonomy":"product_tag","embeddable":true,"href":"https:\/\/chmedica.ch\/fr\/wp-json\/wp\/v2\/product_tag?post=72186"}],"curies":[{"name":"wp","href":"https:\/\/api.w.org\/{rel}","templated":true}]}}