{"id":72165,"date":"2023-06-23T02:35:10","date_gmt":"2023-06-23T00:35:10","guid":{"rendered":"https:\/\/chmedica.ch\/prodotto\/lingettes-multi-usage-pour-mains-flowpack-de-20-lingettes\/"},"modified":"2024-01-02T23:34:31","modified_gmt":"2024-01-02T22:34:31","slug":"lingettes-multi-usage-pour-mains-flowpack-de-20-lingettes","status":"publish","type":"product","link":"https:\/\/chmedica.ch\/fr\/produit\/lingettes-multi-usage-pour-mains-flowpack-de-20-lingettes\/","title":{"rendered":"LINGETTES MULTI-USAGE POUR MAINS &#8211; flowpack de 20 lingettes"},"content":{"rendered":"<p>COMPOSITION CHIMIQUE<br \/>\nElles contiennent: Alcool D\u00e9natur\u00e9, Eau, Propyl\u00e8ne Glycol, Parfum (Fragrance), Benzoate de Benzyle, Citral, Limon\u00e8ne, Linalol<\/p>\n","protected":false},"excerpt":{"rendered":"<p>LINGETTES MULTI-USAGE POUR MAINS &#8211; bo\u00eete de 240 (12 flowpacks de 20)<\/p>\n<p>Nouvelle lingettes contenant une solution hydroalcoolique avec alcool \u00e9thylique \u00e0 70% (v\/v) de qualit\u00e9 cosm\u00e9tique.<br \/>\nD\u00e9licates sur la peau, elles sont indiqu\u00e9es pour frotter \u00e0 l&rsquo;alcool les mains et la peau en g\u00e9n\u00e9ral, chez soi ou en voyage.<br \/>\nUtilisables \u00e0 titre de pr\u00e9caution ou en cas de contact avec des personnes ou des objets potentiellement contamin\u00e9s.<\/p>\n","protected":false},"featured_media":72159,"template":"","meta":{"_acf_changed":false},"product_brand":[],"product_cat":[924,1456],"product_tag":[],"class_list":{"0":"post-72165","1":"product","2":"type-product","3":"status-publish","4":"has-post-thumbnail","6":"product_cat-desinfectants-et-sterilisation-froide","7":"product_cat-gel-antibacterien","9":"first","10":"onbackorder","11":"taxable","12":"shipping-taxable","13":"purchasable","14":"product-type-simple"},"acf":{"fornitore":"GIMA","standard_accessori":"","unita_misura":"conf. 12 pz."},"_links":{"self":[{"href":"https:\/\/chmedica.ch\/fr\/wp-json\/wp\/v2\/product\/72165","targetHints":{"allow":["GET"]}}],"collection":[{"href":"https:\/\/chmedica.ch\/fr\/wp-json\/wp\/v2\/product"}],"about":[{"href":"https:\/\/chmedica.ch\/fr\/wp-json\/wp\/v2\/types\/product"}],"wp:featuredmedia":[{"embeddable":true,"href":"https:\/\/chmedica.ch\/fr\/wp-json\/wp\/v2\/media\/72159"}],"wp:attachment":[{"href":"https:\/\/chmedica.ch\/fr\/wp-json\/wp\/v2\/media?parent=72165"}],"wp:term":[{"taxonomy":"product_brand","embeddable":true,"href":"https:\/\/chmedica.ch\/fr\/wp-json\/wp\/v2\/product_brand?post=72165"},{"taxonomy":"product_cat","embeddable":true,"href":"https:\/\/chmedica.ch\/fr\/wp-json\/wp\/v2\/product_cat?post=72165"},{"taxonomy":"product_tag","embeddable":true,"href":"https:\/\/chmedica.ch\/fr\/wp-json\/wp\/v2\/product_tag?post=72165"}],"curies":[{"name":"wp","href":"https:\/\/api.w.org\/{rel}","templated":true}]}}