{"id":72156,"date":"2023-06-23T02:35:04","date_gmt":"2023-06-23T00:35:04","guid":{"rendered":"https:\/\/chmedica.ch\/prodotto\/eponge-savonneuse\/"},"modified":"2024-01-02T23:34:37","modified_gmt":"2024-01-02T22:34:37","slug":"eponge-savonneuse","status":"publish","type":"product","link":"https:\/\/chmedica.ch\/fr\/produit\/eponge-savonneuse\/","title":{"rendered":"\u00c9PONGE SAVONNEUSE"},"content":{"rendered":"","protected":false},"excerpt":{"rendered":"<p>\u00c9ponge jetable savonneuse en mousse imbib\u00e9e de savon hypoallerg\u00e9nique de PH neutre.<br \/>\nId\u00e9al pour l\u2019hygi\u00e8ne et la toilette du patient.<\/p>\n<p>Emballage individuel.<br \/>\nDimensions: 7,5 x 12 x h 2,5 cm.<\/p>\n","protected":false},"featured_media":72138,"template":"","meta":{"_acf_changed":false},"product_brand":[],"product_cat":[1460,924],"product_tag":[],"class_list":{"0":"post-72156","1":"product","2":"type-product","3":"status-publish","4":"has-post-thumbnail","6":"product_cat-desinfectants-et-nettoyage","7":"product_cat-desinfectants-et-sterilisation-froide","9":"first","10":"onbackorder","11":"taxable","12":"shipping-taxable","13":"purchasable","14":"product-type-simple"},"acf":{"fornitore":"GIMA","standard_accessori":"","unita_misura":"conf. 100 pz."},"_links":{"self":[{"href":"https:\/\/chmedica.ch\/fr\/wp-json\/wp\/v2\/product\/72156","targetHints":{"allow":["GET"]}}],"collection":[{"href":"https:\/\/chmedica.ch\/fr\/wp-json\/wp\/v2\/product"}],"about":[{"href":"https:\/\/chmedica.ch\/fr\/wp-json\/wp\/v2\/types\/product"}],"wp:featuredmedia":[{"embeddable":true,"href":"https:\/\/chmedica.ch\/fr\/wp-json\/wp\/v2\/media\/72138"}],"wp:attachment":[{"href":"https:\/\/chmedica.ch\/fr\/wp-json\/wp\/v2\/media?parent=72156"}],"wp:term":[{"taxonomy":"product_brand","embeddable":true,"href":"https:\/\/chmedica.ch\/fr\/wp-json\/wp\/v2\/product_brand?post=72156"},{"taxonomy":"product_cat","embeddable":true,"href":"https:\/\/chmedica.ch\/fr\/wp-json\/wp\/v2\/product_cat?post=72156"},{"taxonomy":"product_tag","embeddable":true,"href":"https:\/\/chmedica.ch\/fr\/wp-json\/wp\/v2\/product_tag?post=72156"}],"curies":[{"name":"wp","href":"https:\/\/api.w.org\/{rel}","templated":true}]}}