{"id":72132,"date":"2023-06-23T02:34:55","date_gmt":"2023-06-23T00:34:55","guid":{"rendered":"https:\/\/chmedica.ch\/prodotto\/gant-savonneux\/"},"modified":"2024-01-02T23:34:49","modified_gmt":"2024-01-02T22:34:49","slug":"gant-savonneux","status":"publish","type":"product","link":"https:\/\/chmedica.ch\/fr\/produit\/gant-savonneux\/","title":{"rendered":"GANT SAVONNEUX"},"content":{"rendered":"","protected":false},"excerpt":{"rendered":"<p>Mitaine jetable pour la toilette des patients.<br \/>\nFabriqu\u00e9e en TNT et \u00e9ponge, imbib\u00e9e de savon hypoallerg\u00e9nique de PH neutre.<br \/>\nId\u00e9al pour la toilette et l\u2019hygi\u00e8ne du patient.<\/p>\n<p>Dimensions: 15 x 25 cm.<\/p>\n","protected":false},"featured_media":72120,"template":"","meta":{"_acf_changed":false},"product_brand":[],"product_cat":[1460,924],"product_tag":[],"class_list":{"0":"post-72132","1":"product","2":"type-product","3":"status-publish","4":"has-post-thumbnail","6":"product_cat-desinfectants-et-nettoyage","7":"product_cat-desinfectants-et-sterilisation-froide","9":"first","10":"onbackorder","11":"taxable","12":"shipping-taxable","13":"purchasable","14":"product-type-simple"},"acf":{"fornitore":"GIMA","standard_accessori":"","unita_misura":"conf. 50 pz."},"_links":{"self":[{"href":"https:\/\/chmedica.ch\/fr\/wp-json\/wp\/v2\/product\/72132","targetHints":{"allow":["GET"]}}],"collection":[{"href":"https:\/\/chmedica.ch\/fr\/wp-json\/wp\/v2\/product"}],"about":[{"href":"https:\/\/chmedica.ch\/fr\/wp-json\/wp\/v2\/types\/product"}],"wp:featuredmedia":[{"embeddable":true,"href":"https:\/\/chmedica.ch\/fr\/wp-json\/wp\/v2\/media\/72120"}],"wp:attachment":[{"href":"https:\/\/chmedica.ch\/fr\/wp-json\/wp\/v2\/media?parent=72132"}],"wp:term":[{"taxonomy":"product_brand","embeddable":true,"href":"https:\/\/chmedica.ch\/fr\/wp-json\/wp\/v2\/product_brand?post=72132"},{"taxonomy":"product_cat","embeddable":true,"href":"https:\/\/chmedica.ch\/fr\/wp-json\/wp\/v2\/product_cat?post=72132"},{"taxonomy":"product_tag","embeddable":true,"href":"https:\/\/chmedica.ch\/fr\/wp-json\/wp\/v2\/product_tag?post=72132"}],"curies":[{"name":"wp","href":"https:\/\/api.w.org\/{rel}","templated":true}]}}