{"id":70713,"date":"2023-06-23T02:24:49","date_gmt":"2023-06-23T00:24:49","guid":{"rendered":"https:\/\/chmedica.ch\/prodotto\/tapis-en-silicone-520x230-mm-perfore\/"},"modified":"2024-01-02T23:48:34","modified_gmt":"2024-01-02T22:48:34","slug":"tapis-en-silicone-520x230-mm-perfore","status":"publish","type":"product","link":"https:\/\/chmedica.ch\/fr\/produit\/tapis-en-silicone-520x230-mm-perfore\/","title":{"rendered":"TAPIS EN SILICONE 520&#215;230 mm &#8211; perfor\u00e9"},"content":{"rendered":"","protected":false},"excerpt":{"rendered":"<p>Accessoires pour r\u00e9cipients de st\u00e9rilisation.<\/p>\n","protected":false},"featured_media":70701,"template":"","meta":{"_acf_changed":false},"product_brand":[],"product_cat":[1472,866],"product_tag":[],"class_list":{"0":"post-70713","1":"product","2":"type-product","3":"status-publish","4":"has-post-thumbnail","6":"product_cat-conteneurs-de-sterilisation","7":"product_cat-instruments-chirurgicaux","9":"first","10":"onbackorder","11":"taxable","12":"shipping-taxable","13":"purchasable","14":"product-type-simple"},"acf":{"fornitore":"GIMA","standard_accessori":"","unita_misura":"1 pz."},"_links":{"self":[{"href":"https:\/\/chmedica.ch\/fr\/wp-json\/wp\/v2\/product\/70713","targetHints":{"allow":["GET"]}}],"collection":[{"href":"https:\/\/chmedica.ch\/fr\/wp-json\/wp\/v2\/product"}],"about":[{"href":"https:\/\/chmedica.ch\/fr\/wp-json\/wp\/v2\/types\/product"}],"wp:featuredmedia":[{"embeddable":true,"href":"https:\/\/chmedica.ch\/fr\/wp-json\/wp\/v2\/media\/70701"}],"wp:attachment":[{"href":"https:\/\/chmedica.ch\/fr\/wp-json\/wp\/v2\/media?parent=70713"}],"wp:term":[{"taxonomy":"product_brand","embeddable":true,"href":"https:\/\/chmedica.ch\/fr\/wp-json\/wp\/v2\/product_brand?post=70713"},{"taxonomy":"product_cat","embeddable":true,"href":"https:\/\/chmedica.ch\/fr\/wp-json\/wp\/v2\/product_cat?post=70713"},{"taxonomy":"product_tag","embeddable":true,"href":"https:\/\/chmedica.ch\/fr\/wp-json\/wp\/v2\/product_tag?post=70713"}],"curies":[{"name":"wp","href":"https:\/\/api.w.org\/{rel}","templated":true}]}}