{"id":70617,"date":"2023-06-23T02:24:06","date_gmt":"2023-06-23T00:24:06","guid":{"rendered":"https:\/\/chmedica.ch\/prodotto\/garrot-fast-espace\/"},"modified":"2024-01-02T23:49:36","modified_gmt":"2024-01-02T22:49:36","slug":"garrot-fast-espace","status":"publish","type":"product","link":"https:\/\/chmedica.ch\/fr\/produit\/garrot-fast-espace\/","title":{"rendered":"GARROT FAST &#8211; espace"},"content":{"rendered":"","protected":false},"excerpt":{"rendered":"<p>GARROTS GIMA<\/p>\n<p>\u2022 GARROTS: GARROT FAST<br \/>\n\u2022 Material: Bande caoutchouc, rev\u00eat. t\u00e9ryl\u00e8ne<br \/>\n\u2022 Coloris: espace<br \/>\n\u2022 Longueur: 40,5 cm<br \/>\n\u2022 Largeur: 3 cm<br \/>\n\u2022 Syst\u00e8mes de fermeture: Verrouillage unique: lib\u00e9ration rapide<\/p>\n<p>Solutions simples et efficaces pour le milieu hospitalier.<br \/>\nSyst\u00e8me de blocage: auto applicable avec d\u00e9blocage rapide<br \/>\nBo\u00eete multilingue: GB, FR, IT, DE, ES, PT, GR, Arabe.<\/p>\n","protected":false},"featured_media":70602,"template":"","meta":{"_acf_changed":false},"product_brand":[],"product_cat":[764,1710],"product_tag":[],"class_list":{"0":"post-70617","1":"product","2":"type-product","3":"status-publish","4":"has-post-thumbnail","6":"product_cat-articles-sanitaires-pour-pharmacies","7":"product_cat-tourniquets-fr","9":"first","10":"onbackorder","11":"taxable","12":"shipping-taxable","13":"purchasable","14":"product-type-simple"},"acf":{"fornitore":"GIMA","standard_accessori":"","unita_misura":"1 pz."},"_links":{"self":[{"href":"https:\/\/chmedica.ch\/fr\/wp-json\/wp\/v2\/product\/70617","targetHints":{"allow":["GET"]}}],"collection":[{"href":"https:\/\/chmedica.ch\/fr\/wp-json\/wp\/v2\/product"}],"about":[{"href":"https:\/\/chmedica.ch\/fr\/wp-json\/wp\/v2\/types\/product"}],"wp:featuredmedia":[{"embeddable":true,"href":"https:\/\/chmedica.ch\/fr\/wp-json\/wp\/v2\/media\/70602"}],"wp:attachment":[{"href":"https:\/\/chmedica.ch\/fr\/wp-json\/wp\/v2\/media?parent=70617"}],"wp:term":[{"taxonomy":"product_brand","embeddable":true,"href":"https:\/\/chmedica.ch\/fr\/wp-json\/wp\/v2\/product_brand?post=70617"},{"taxonomy":"product_cat","embeddable":true,"href":"https:\/\/chmedica.ch\/fr\/wp-json\/wp\/v2\/product_cat?post=70617"},{"taxonomy":"product_tag","embeddable":true,"href":"https:\/\/chmedica.ch\/fr\/wp-json\/wp\/v2\/product_tag?post=70617"}],"curies":[{"name":"wp","href":"https:\/\/api.w.org\/{rel}","templated":true}]}}