{"id":70569,"date":"2023-06-23T02:23:17","date_gmt":"2023-06-23T00:23:17","guid":{"rendered":"https:\/\/chmedica.ch\/prodotto\/aiguilles-hypodermiques-terumo-agani-25gx1-05x25mm-an2525r1-orange-steriles\/"},"modified":"2025-11-11T08:38:02","modified_gmt":"2025-11-11T07:38:02","slug":"aiguilles-hypodermiques-terumo-agani-25gx1-05x25mm-an2525r1-orange-steriles","status":"publish","type":"product","link":"https:\/\/chmedica.ch\/fr\/produit\/aiguilles-hypodermiques-terumo-agani-25gx1-05x25mm-an2525r1-orange-steriles\/","title":{"rendered":"AIGUILLES HYPODERMIQUES TERUMO AGANI 25Gx1&Prime; &#8211; 0,5x25mm &#8211; AN*2525R1 &#8211; orange &#8211; st\u00e9riles"},"content":{"rendered":"","protected":false},"excerpt":{"rendered":"<p>AIGUILLES HYPODERMIQUES AGANI\u2122<br \/>\n&#8211; Code TERUMO\u00ae: AN*2525R1<br \/>\n&#8211; Aiguille: 25Gx1&Prime; &#8211; 0,5 x 25 mm<br \/>\n&#8211; Couleur: orange<br \/>\n&#8211; Commande minimum: bo\u00eete de 100<\/p>\n<p>Aiguilles hypodermiques st\u00e9riles jetables, con\u00e7ues pour une vaste gamme d&rsquo;applications.<br \/>\nLa g\u00e9om\u00e9trie sp\u00e9ciale de la pointe \u00e0 lancette facilite la p\u00e9n\u00e9tration de la peau et contribue \u00e0 minimiser le trauma.<br \/>\nLa canule rev\u00eatue de silicone glisse et p\u00e9n\u00e8tre ais\u00e9ment, sans aucune friction.<\/p>\n<p>La fiabilit\u00e9 et la facilit\u00e9 d&rsquo;utilisation augmentent la s\u00e9curit\u00e9 et le confort du patient: l&rsquo;angle tr\u00e8s inclin\u00e9 du biseau comporte un biseau plus<br \/>\ncourt, r\u00e9duisant ainsi le risque de perforation vasculaire.<br \/>\nMoyeu d&rsquo;aiguille en polypropyl\u00e8ne, aiguille en acier inox.<br \/>\nMoyeu avec code couleur ISO pour permettre d&rsquo;identifier le diam\u00e8tre de l&rsquo;aiguille.<\/p>\n<p>Classe IIa. MDR 2017\/745.<br \/>\nDur\u00e9e de conservation depuis la production: 5 ans.<br \/>\nEmball\u00e9es individuellement dans un blister.<br \/>\nBo\u00eete multilingue: GB, FR, IT, ES, PT, DE, PL, NL, HU, GR, BG, RO, FI, NO, SE, DK, CZ, SK, SI, RS, EE, LV, LT , TR, RU.<\/p>\n","protected":false},"featured_media":0,"template":"","meta":{"_acf_changed":false},"product_brand":[],"product_cat":[1556,866],"product_tag":[],"class_list":{"0":"post-70569","1":"product","2":"type-product","3":"status-publish","5":"product_cat-aiguilles-et-seringues-terumo","6":"product_cat-instruments-chirurgicaux","8":"first","9":"onbackorder","10":"taxable","11":"shipping-taxable","12":"purchasable","13":"product-type-simple"},"acf":{"fornitore":"GIMA","standard_accessori":"","unita_misura":"conf. 100 pz."},"_links":{"self":[{"href":"https:\/\/chmedica.ch\/fr\/wp-json\/wp\/v2\/product\/70569","targetHints":{"allow":["GET"]}}],"collection":[{"href":"https:\/\/chmedica.ch\/fr\/wp-json\/wp\/v2\/product"}],"about":[{"href":"https:\/\/chmedica.ch\/fr\/wp-json\/wp\/v2\/types\/product"}],"wp:attachment":[{"href":"https:\/\/chmedica.ch\/fr\/wp-json\/wp\/v2\/media?parent=70569"}],"wp:term":[{"taxonomy":"product_brand","embeddable":true,"href":"https:\/\/chmedica.ch\/fr\/wp-json\/wp\/v2\/product_brand?post=70569"},{"taxonomy":"product_cat","embeddable":true,"href":"https:\/\/chmedica.ch\/fr\/wp-json\/wp\/v2\/product_cat?post=70569"},{"taxonomy":"product_tag","embeddable":true,"href":"https:\/\/chmedica.ch\/fr\/wp-json\/wp\/v2\/product_tag?post=70569"}],"curies":[{"name":"wp","href":"https:\/\/api.w.org\/{rel}","templated":true}]}}