{"id":70503,"date":"2023-06-23T02:22:16","date_gmt":"2023-06-23T00:22:16","guid":{"rendered":"https:\/\/chmedica.ch\/prodotto\/seringues-sans-aiguille-terumo-50-ml-pointe-de-catheter-ss50c1-steriles\/"},"modified":"2024-01-02T23:52:52","modified_gmt":"2024-01-02T22:52:52","slug":"seringues-sans-aiguille-terumo-50-ml-pointe-de-catheter-ss50c1-steriles","status":"publish","type":"product","link":"https:\/\/chmedica.ch\/fr\/produit\/seringues-sans-aiguille-terumo-50-ml-pointe-de-catheter-ss50c1-steriles\/","title":{"rendered":"SERINGUES SANS AIGUILLE TERUMO 50 ml &#8211; Pointe de cath\u00e9ter &#8211; SS+50C1 &#8211; st\u00e9riles"},"content":{"rendered":"","protected":false},"excerpt":{"rendered":"<p>SERINGUES TERUMO\u00ae SANS AIGUILLE &#8211; ST\u00c9RILES<br \/>\n&#8211; POINTE DE CATH\u00c9TER<br \/>\n&#8211; Code TERUMO\u00ae: SS+50C1<br \/>\n&#8211; Capacit\u00e9: 50 ml<br \/>\n&#8211; Commande minimum: bo\u00eete de 25<\/p>\n<p>Seringues st\u00e9riles jetables en 3 parties, avec ou sans aiguille hypodermique st\u00e9rile pr\u00e9connect\u00e9e.<br \/>\nLes seringues sont con\u00e7ues pour aspirer fluides ou sang, ou bien pour injecter fluides dans le corps humain imm\u00e9diatement apr\u00e8s le remplissage.<br \/>\nMoyeu en polypropyl\u00e8ne et m\u00e9lange ma\u00eetre, canule en acier inox.<br \/>\nSans latex.<br \/>\nLe cylindre transparent aide \u00e0 d\u00e9tecter des bulles d&rsquo;air et l&rsquo;impression claire permet un dosage pr\u00e9cis.<\/p>\n<p>Classe IIa, Dispositif m\u00e9dical conform\u00e9ment \u00e0 la MDR 2017\/745.<br \/>\nDur\u00e9e de conservation depuis la production: 5 ans.<br \/>\nBo\u00eete multilingue: GB, FR, IT, ES, PT, DE, PL, NL, HU, GR, BG, RO, FI, NO, SE, DK, CZ, SK, SI, RS, EE, LV, LT, TR, RU.<\/p>\n","protected":false},"featured_media":70497,"template":"","meta":{"_acf_changed":false},"product_brand":[],"product_cat":[1556,866],"product_tag":[],"class_list":{"0":"post-70503","1":"product","2":"type-product","3":"status-publish","4":"has-post-thumbnail","6":"product_cat-aiguilles-et-seringues-terumo","7":"product_cat-instruments-chirurgicaux","9":"first","10":"onbackorder","11":"taxable","12":"shipping-taxable","13":"purchasable","14":"product-type-simple"},"acf":{"fornitore":"GIMA","standard_accessori":"","unita_misura":"conf. 25 pz."},"_links":{"self":[{"href":"https:\/\/chmedica.ch\/fr\/wp-json\/wp\/v2\/product\/70503","targetHints":{"allow":["GET"]}}],"collection":[{"href":"https:\/\/chmedica.ch\/fr\/wp-json\/wp\/v2\/product"}],"about":[{"href":"https:\/\/chmedica.ch\/fr\/wp-json\/wp\/v2\/types\/product"}],"wp:featuredmedia":[{"embeddable":true,"href":"https:\/\/chmedica.ch\/fr\/wp-json\/wp\/v2\/media\/70497"}],"wp:attachment":[{"href":"https:\/\/chmedica.ch\/fr\/wp-json\/wp\/v2\/media?parent=70503"}],"wp:term":[{"taxonomy":"product_brand","embeddable":true,"href":"https:\/\/chmedica.ch\/fr\/wp-json\/wp\/v2\/product_brand?post=70503"},{"taxonomy":"product_cat","embeddable":true,"href":"https:\/\/chmedica.ch\/fr\/wp-json\/wp\/v2\/product_cat?post=70503"},{"taxonomy":"product_tag","embeddable":true,"href":"https:\/\/chmedica.ch\/fr\/wp-json\/wp\/v2\/product_tag?post=70503"}],"curies":[{"name":"wp","href":"https:\/\/api.w.org\/{rel}","templated":true}]}}