{"id":70482,"date":"2023-06-23T02:21:56","date_gmt":"2023-06-23T00:21:56","guid":{"rendered":"https:\/\/chmedica.ch\/prodotto\/seringues-avec-aiguille-terumo-10-ml-21gx1-1-2-ss10s21381-steriles\/"},"modified":"2024-01-02T23:53:32","modified_gmt":"2024-01-02T22:53:32","slug":"seringues-avec-aiguille-terumo-10-ml-21gx1-1-2-ss10s21381-steriles","status":"publish","type":"product","link":"https:\/\/chmedica.ch\/fr\/produit\/seringues-avec-aiguille-terumo-10-ml-21gx1-1-2-ss10s21381-steriles\/","title":{"rendered":"SERINGUES AVEC AIGUILLE TERUMO 10 ml &#8211; 21GX1 1\/2&Prime; &#8211; SS+10S21381 &#8211; st\u00e9riles"},"content":{"rendered":"","protected":false},"excerpt":{"rendered":"<p>SERINGUES TERUMO\u00ae AVEC AIGUILLE &#8211; ST\u00c9RILES<br \/>\n&#8211; Code TERUMO\u00ae: MDSS10S2138E<br \/>\n&#8211; Capacit\u00e9: 10 ml<br \/>\n&#8211; Aiguille assembl\u00e9e: 21Gx1 1\/2&Prime; &#8211; 0,8&#215;38 mm<br \/>\n&#8211; Commande minimum: bo\u00eete de 100<\/p>\n<p>Seringues st\u00e9riles jetables en 3 parties, avec ou sans aiguille hypodermique st\u00e9rile pr\u00e9connect\u00e9e.<br \/>\nLes seringues sont con\u00e7ues pour aspirer fluides ou sang, ou bien pour injecter fluides dans le corps humain imm\u00e9diatement apr\u00e8s le remplissage.<br \/>\nMoyeu en polypropyl\u00e8ne et m\u00e9lange ma\u00eetre, canule en acier inox.<br \/>\nSans latex.<br \/>\nLe cylindre transparent aide \u00e0 d\u00e9tecter des bulles d&rsquo;air et l&rsquo;impression claire permet un dosage pr\u00e9cis.<\/p>\n<p>Classe IIa, Dispositif m\u00e9dical conform\u00e9ment \u00e0 la MDR 2017\/745.<br \/>\nDur\u00e9e de conservation depuis la production: 5 ans.<br \/>\nBo\u00eete multilingue: GB, FR, IT, ES, PT, DE, PL, NL, HU, GR, BG, RO, FI, NO, SE, DK, CZ, SK, SI, RS, EE, LV, LT, TR, RU.<\/p>\n","protected":false},"featured_media":0,"template":"","meta":{"_acf_changed":false},"product_brand":[],"product_cat":[1556,866],"product_tag":[],"class_list":{"0":"post-70482","1":"product","2":"type-product","3":"status-publish","5":"product_cat-aiguilles-et-seringues-terumo","6":"product_cat-instruments-chirurgicaux","8":"first","9":"onbackorder","10":"taxable","11":"shipping-taxable","12":"purchasable","13":"product-type-simple"},"acf":{"fornitore":"GIMA","standard_accessori":"","unita_misura":"conf. 100 pz."},"_links":{"self":[{"href":"https:\/\/chmedica.ch\/fr\/wp-json\/wp\/v2\/product\/70482","targetHints":{"allow":["GET"]}}],"collection":[{"href":"https:\/\/chmedica.ch\/fr\/wp-json\/wp\/v2\/product"}],"about":[{"href":"https:\/\/chmedica.ch\/fr\/wp-json\/wp\/v2\/types\/product"}],"wp:attachment":[{"href":"https:\/\/chmedica.ch\/fr\/wp-json\/wp\/v2\/media?parent=70482"}],"wp:term":[{"taxonomy":"product_brand","embeddable":true,"href":"https:\/\/chmedica.ch\/fr\/wp-json\/wp\/v2\/product_brand?post=70482"},{"taxonomy":"product_cat","embeddable":true,"href":"https:\/\/chmedica.ch\/fr\/wp-json\/wp\/v2\/product_cat?post=70482"},{"taxonomy":"product_tag","embeddable":true,"href":"https:\/\/chmedica.ch\/fr\/wp-json\/wp\/v2\/product_tag?post=70482"}],"curies":[{"name":"wp","href":"https:\/\/api.w.org\/{rel}","templated":true}]}}