{"id":70434,"date":"2023-06-23T02:21:21","date_gmt":"2023-06-23T00:21:21","guid":{"rendered":"https:\/\/chmedica.ch\/prodotto\/haricot-6-155x75-mm-plastique\/"},"modified":"2024-01-02T23:54:25","modified_gmt":"2024-01-02T22:54:25","slug":"haricot-6-155x75-mm-plastique","status":"publish","type":"product","link":"https:\/\/chmedica.ch\/fr\/produit\/haricot-6-155x75-mm-plastique\/","title":{"rendered":"HARICOT 6&Prime; 155&#215;75 mm &#8211; plastique"},"content":{"rendered":"","protected":false},"excerpt":{"rendered":"<p>HARICOT 6&Prime; 155 x 75 mm &#8211; 250 ml<\/p>\n<p>Une ligne \u00e9conomique de produits en plastique r\u00e9utilisables.<br \/>\nR\u00e9alis\u00e9s en polypropyl\u00e8ne, faciles \u00e0 nettoyer et r\u00e9sistants \u00e0 la plupart des produits chimiques sanitaires.<\/p>\n<p>Autoclavables \u00e0 121\u00b0C (15 min), 126\u00b0C (10 min) ou 134\u00b0C (3 min).<\/p>\n","protected":false},"featured_media":70428,"template":"","meta":{"_acf_changed":false},"product_brand":[],"product_cat":[866,1130],"product_tag":[],"class_list":{"0":"post-70434","1":"product","2":"type-product","3":"status-publish","4":"has-post-thumbnail","6":"product_cat-instruments-chirurgicaux","7":"product_cat-plateaux-bassins-plastique-et-carton","9":"first","10":"onbackorder","11":"taxable","12":"shipping-taxable","13":"purchasable","14":"product-type-simple"},"acf":{"fornitore":"GIMA","standard_accessori":"","unita_misura":"1 pz."},"_links":{"self":[{"href":"https:\/\/chmedica.ch\/fr\/wp-json\/wp\/v2\/product\/70434","targetHints":{"allow":["GET"]}}],"collection":[{"href":"https:\/\/chmedica.ch\/fr\/wp-json\/wp\/v2\/product"}],"about":[{"href":"https:\/\/chmedica.ch\/fr\/wp-json\/wp\/v2\/types\/product"}],"wp:featuredmedia":[{"embeddable":true,"href":"https:\/\/chmedica.ch\/fr\/wp-json\/wp\/v2\/media\/70428"}],"wp:attachment":[{"href":"https:\/\/chmedica.ch\/fr\/wp-json\/wp\/v2\/media?parent=70434"}],"wp:term":[{"taxonomy":"product_brand","embeddable":true,"href":"https:\/\/chmedica.ch\/fr\/wp-json\/wp\/v2\/product_brand?post=70434"},{"taxonomy":"product_cat","embeddable":true,"href":"https:\/\/chmedica.ch\/fr\/wp-json\/wp\/v2\/product_cat?post=70434"},{"taxonomy":"product_tag","embeddable":true,"href":"https:\/\/chmedica.ch\/fr\/wp-json\/wp\/v2\/product_tag?post=70434"}],"curies":[{"name":"wp","href":"https:\/\/api.w.org\/{rel}","templated":true}]}}