{"id":70359,"date":"2023-06-23T02:20:40","date_gmt":"2023-06-23T00:20:40","guid":{"rendered":"https:\/\/chmedica.ch\/prodotto\/plateau-instruments-avec-couvercle-220x150x70-mm-plastique\/"},"modified":"2025-11-11T10:23:59","modified_gmt":"2025-11-11T09:23:59","slug":"plateau-instruments-avec-couvercle-220x150x70-mm-plastique","status":"publish","type":"product","link":"https:\/\/chmedica.ch\/fr\/produit\/plateau-instruments-avec-couvercle-220x150x70-mm-plastique\/","title":{"rendered":"PLATEAU INSTRUMENTS AVEC COUVERCLE 220x150x70 mm &#8211; plastique"},"content":{"rendered":"","protected":false},"excerpt":{"rendered":"<p>CUVETTE POUR OUTILS 220 x 150 x h 70 mm<\/p>\n<p>\u00c9quip\u00e9 d&rsquo;un couvercle qui adh\u00e8re parfaitement \u00e0 la rainure du r\u00e9cipient afin d&rsquo;\u00e9viter le moindre d\u00e9versement de mat\u00e9riel.<\/p>\n<p>Une ligne \u00e9conomique de produits en plastique r\u00e9utilisables.<br \/>\nR\u00e9alis\u00e9s en polypropyl\u00e8ne, faciles \u00e0 nettoyer et r\u00e9sistants \u00e0 la plupart des produits chimiques sanitaires.<\/p>\n<p>Autoclavables \u00e0 121\u00b0C (15 min), 126\u00b0C (10 min) ou 134\u00b0C (3 min).<\/p>\n","protected":false},"featured_media":70347,"template":"","meta":{"_acf_changed":false},"product_brand":[],"product_cat":[866,1130],"product_tag":[],"class_list":{"0":"post-70359","1":"product","2":"type-product","3":"status-publish","4":"has-post-thumbnail","6":"product_cat-instruments-chirurgicaux","7":"product_cat-plateaux-bassins-plastique-et-carton","9":"first","10":"onbackorder","11":"taxable","12":"shipping-taxable","13":"purchasable","14":"product-type-simple"},"acf":{"fornitore":"GIMA","standard_accessori":"","unita_misura":"1 pz."},"_links":{"self":[{"href":"https:\/\/chmedica.ch\/fr\/wp-json\/wp\/v2\/product\/70359","targetHints":{"allow":["GET"]}}],"collection":[{"href":"https:\/\/chmedica.ch\/fr\/wp-json\/wp\/v2\/product"}],"about":[{"href":"https:\/\/chmedica.ch\/fr\/wp-json\/wp\/v2\/types\/product"}],"wp:featuredmedia":[{"embeddable":true,"href":"https:\/\/chmedica.ch\/fr\/wp-json\/wp\/v2\/media\/70347"}],"wp:attachment":[{"href":"https:\/\/chmedica.ch\/fr\/wp-json\/wp\/v2\/media?parent=70359"}],"wp:term":[{"taxonomy":"product_brand","embeddable":true,"href":"https:\/\/chmedica.ch\/fr\/wp-json\/wp\/v2\/product_brand?post=70359"},{"taxonomy":"product_cat","embeddable":true,"href":"https:\/\/chmedica.ch\/fr\/wp-json\/wp\/v2\/product_cat?post=70359"},{"taxonomy":"product_tag","embeddable":true,"href":"https:\/\/chmedica.ch\/fr\/wp-json\/wp\/v2\/product_tag?post=70359"}],"curies":[{"name":"wp","href":"https:\/\/api.w.org\/{rel}","templated":true}]}}