{"id":70344,"date":"2023-06-23T02:20:34","date_gmt":"2023-06-23T00:20:34","guid":{"rendered":"https:\/\/chmedica.ch\/prodotto\/plateau-a-alveoles\/"},"modified":"2024-01-02T23:55:31","modified_gmt":"2024-01-02T22:55:31","slug":"plateau-a-alveoles","status":"publish","type":"product","link":"https:\/\/chmedica.ch\/fr\/produit\/plateau-a-alveoles\/","title":{"rendered":"PLATEAU \u00c0 ALV\u00c9OLES"},"content":{"rendered":"","protected":false},"excerpt":{"rendered":"<p>Plateau \u00e0 compartiments 32&#215;24,5xh 4,4 cm &#8211; bo\u00eete de 24<\/p>\n<p>Pour 25790-2, 25782<\/p>\n<p>Made in Italy.<\/p>\n","protected":false},"featured_media":70332,"template":"","meta":{"_acf_changed":false},"product_brand":[],"product_cat":[866,1130],"product_tag":[],"class_list":{"0":"post-70344","1":"product","2":"type-product","3":"status-publish","4":"has-post-thumbnail","6":"product_cat-instruments-chirurgicaux","7":"product_cat-plateaux-bassins-plastique-et-carton","9":"first","10":"onbackorder","11":"taxable","12":"shipping-taxable","13":"purchasable","14":"product-type-simple"},"acf":{"fornitore":"GIMA","standard_accessori":"","unita_misura":"conf. 24 pz."},"_links":{"self":[{"href":"https:\/\/chmedica.ch\/fr\/wp-json\/wp\/v2\/product\/70344","targetHints":{"allow":["GET"]}}],"collection":[{"href":"https:\/\/chmedica.ch\/fr\/wp-json\/wp\/v2\/product"}],"about":[{"href":"https:\/\/chmedica.ch\/fr\/wp-json\/wp\/v2\/types\/product"}],"wp:featuredmedia":[{"embeddable":true,"href":"https:\/\/chmedica.ch\/fr\/wp-json\/wp\/v2\/media\/70332"}],"wp:attachment":[{"href":"https:\/\/chmedica.ch\/fr\/wp-json\/wp\/v2\/media?parent=70344"}],"wp:term":[{"taxonomy":"product_brand","embeddable":true,"href":"https:\/\/chmedica.ch\/fr\/wp-json\/wp\/v2\/product_brand?post=70344"},{"taxonomy":"product_cat","embeddable":true,"href":"https:\/\/chmedica.ch\/fr\/wp-json\/wp\/v2\/product_cat?post=70344"},{"taxonomy":"product_tag","embeddable":true,"href":"https:\/\/chmedica.ch\/fr\/wp-json\/wp\/v2\/product_tag?post=70344"}],"curies":[{"name":"wp","href":"https:\/\/api.w.org\/{rel}","templated":true}]}}