{"id":70233,"date":"2023-06-23T02:19:40","date_gmt":"2023-06-23T00:19:40","guid":{"rendered":"https:\/\/chmedica.ch\/prodotto\/bouchon-pour-eprouvette-diam-16-mm\/"},"modified":"2024-01-02T23:56:41","modified_gmt":"2024-01-02T22:56:41","slug":"bouchon-pour-eprouvette-diam-16-mm","status":"publish","type":"product","link":"https:\/\/chmedica.ch\/fr\/produit\/bouchon-pour-eprouvette-diam-16-mm\/","title":{"rendered":"BOUCHON pour \u00e9prouvette diam. 16 mm"},"content":{"rendered":"","protected":false},"excerpt":{"rendered":"<p>Bouchon pour \u00e9prouvettes \u00d8 16 mm<\/p>\n<p>Bouchon en poly\u00e9thyl\u00e8ne, couleur neutre.<\/p>\n","protected":false},"featured_media":70227,"template":"","meta":{"_acf_changed":false},"product_brand":[],"product_cat":[866,1550],"product_tag":[],"class_list":{"0":"post-70233","1":"product","2":"type-product","3":"status-publish","4":"has-post-thumbnail","6":"product_cat-instruments-chirurgicaux","7":"product_cat-tubes-a-essai-et-pipettes","9":"first","10":"onbackorder","11":"taxable","12":"shipping-taxable","13":"purchasable","14":"product-type-simple"},"acf":{"fornitore":"GIMA","standard_accessori":"","unita_misura":"conf. 1000 pz."},"_links":{"self":[{"href":"https:\/\/chmedica.ch\/fr\/wp-json\/wp\/v2\/product\/70233","targetHints":{"allow":["GET"]}}],"collection":[{"href":"https:\/\/chmedica.ch\/fr\/wp-json\/wp\/v2\/product"}],"about":[{"href":"https:\/\/chmedica.ch\/fr\/wp-json\/wp\/v2\/types\/product"}],"wp:featuredmedia":[{"embeddable":true,"href":"https:\/\/chmedica.ch\/fr\/wp-json\/wp\/v2\/media\/70227"}],"wp:attachment":[{"href":"https:\/\/chmedica.ch\/fr\/wp-json\/wp\/v2\/media?parent=70233"}],"wp:term":[{"taxonomy":"product_brand","embeddable":true,"href":"https:\/\/chmedica.ch\/fr\/wp-json\/wp\/v2\/product_brand?post=70233"},{"taxonomy":"product_cat","embeddable":true,"href":"https:\/\/chmedica.ch\/fr\/wp-json\/wp\/v2\/product_cat?post=70233"},{"taxonomy":"product_tag","embeddable":true,"href":"https:\/\/chmedica.ch\/fr\/wp-json\/wp\/v2\/product_tag?post=70233"}],"curies":[{"name":"wp","href":"https:\/\/api.w.org\/{rel}","templated":true}]}}