{"id":70179,"date":"2023-06-23T02:19:13","date_gmt":"2023-06-23T00:19:13","guid":{"rendered":"https:\/\/chmedica.ch\/prodotto\/pipette-pasteur-1-ml\/"},"modified":"2024-06-14T14:45:37","modified_gmt":"2024-06-14T12:45:37","slug":"pipette-pasteur-1-ml","status":"publish","type":"product","link":"https:\/\/chmedica.ch\/fr\/produit\/pipette-pasteur-1-ml\/","title":{"rendered":"PIPETTE PASTEUR 1 ml"},"content":{"rendered":"","protected":false},"excerpt":{"rendered":"<p>Pipette Pasteur 1 ml<\/p>\n<p>En poly\u00e9thyl\u00e8ne.<br \/>\nBo\u00eete de 5000 (10 bo\u00eetes de 500 unit\u00e9s).<\/p>\n","protected":false},"featured_media":70173,"template":"","meta":{"_acf_changed":false},"product_brand":[],"product_cat":[866,1550],"product_tag":[],"class_list":{"0":"post-70179","1":"product","2":"type-product","3":"status-publish","4":"has-post-thumbnail","6":"product_cat-instruments-chirurgicaux","7":"product_cat-tubes-a-essai-et-pipettes","9":"first","10":"onbackorder","11":"taxable","12":"shipping-taxable","13":"purchasable","14":"product-type-simple"},"acf":{"fornitore":"GIMA","standard_accessori":"","unita_misura":"conf. 5000 pz."},"_links":{"self":[{"href":"https:\/\/chmedica.ch\/fr\/wp-json\/wp\/v2\/product\/70179","targetHints":{"allow":["GET"]}}],"collection":[{"href":"https:\/\/chmedica.ch\/fr\/wp-json\/wp\/v2\/product"}],"about":[{"href":"https:\/\/chmedica.ch\/fr\/wp-json\/wp\/v2\/types\/product"}],"wp:featuredmedia":[{"embeddable":true,"href":"https:\/\/chmedica.ch\/fr\/wp-json\/wp\/v2\/media\/70173"}],"wp:attachment":[{"href":"https:\/\/chmedica.ch\/fr\/wp-json\/wp\/v2\/media?parent=70179"}],"wp:term":[{"taxonomy":"product_brand","embeddable":true,"href":"https:\/\/chmedica.ch\/fr\/wp-json\/wp\/v2\/product_brand?post=70179"},{"taxonomy":"product_cat","embeddable":true,"href":"https:\/\/chmedica.ch\/fr\/wp-json\/wp\/v2\/product_cat?post=70179"},{"taxonomy":"product_tag","embeddable":true,"href":"https:\/\/chmedica.ch\/fr\/wp-json\/wp\/v2\/product_tag?post=70179"}],"curies":[{"name":"wp","href":"https:\/\/api.w.org\/{rel}","templated":true}]}}