{"id":70152,"date":"2023-06-23T02:18:58","date_gmt":"2023-06-23T00:18:58","guid":{"rendered":"https:\/\/chmedica.ch\/prodotto\/pipette-pasteur-3-ml-sterile\/"},"modified":"2024-01-02T23:57:49","modified_gmt":"2024-01-02T22:57:49","slug":"pipette-pasteur-3-ml-sterile","status":"publish","type":"product","link":"https:\/\/chmedica.ch\/fr\/produit\/pipette-pasteur-3-ml-sterile\/","title":{"rendered":"PIPETTE PASTEUR 3 ml &#8211; st\u00e9rile"},"content":{"rendered":"","protected":false},"excerpt":{"rendered":"<p>Pipette Pasteur 3 ml &#8211; st\u00e9rile<\/p>\n<p>En poly\u00e9thyl\u00e8ne, emball\u00e9es individuellement dans un peel-pack.<br \/>\nBo\u00eete de 1000<\/p>\n","protected":false},"featured_media":70146,"template":"","meta":{"_acf_changed":false},"product_brand":[],"product_cat":[866,1550],"product_tag":[],"class_list":{"0":"post-70152","1":"product","2":"type-product","3":"status-publish","4":"has-post-thumbnail","6":"product_cat-instruments-chirurgicaux","7":"product_cat-tubes-a-essai-et-pipettes","9":"first","10":"onbackorder","11":"taxable","12":"shipping-taxable","13":"purchasable","14":"product-type-simple"},"acf":{"fornitore":"GIMA","standard_accessori":"","unita_misura":"conf. 1000 pz."},"_links":{"self":[{"href":"https:\/\/chmedica.ch\/fr\/wp-json\/wp\/v2\/product\/70152","targetHints":{"allow":["GET"]}}],"collection":[{"href":"https:\/\/chmedica.ch\/fr\/wp-json\/wp\/v2\/product"}],"about":[{"href":"https:\/\/chmedica.ch\/fr\/wp-json\/wp\/v2\/types\/product"}],"wp:featuredmedia":[{"embeddable":true,"href":"https:\/\/chmedica.ch\/fr\/wp-json\/wp\/v2\/media\/70146"}],"wp:attachment":[{"href":"https:\/\/chmedica.ch\/fr\/wp-json\/wp\/v2\/media?parent=70152"}],"wp:term":[{"taxonomy":"product_brand","embeddable":true,"href":"https:\/\/chmedica.ch\/fr\/wp-json\/wp\/v2\/product_brand?post=70152"},{"taxonomy":"product_cat","embeddable":true,"href":"https:\/\/chmedica.ch\/fr\/wp-json\/wp\/v2\/product_cat?post=70152"},{"taxonomy":"product_tag","embeddable":true,"href":"https:\/\/chmedica.ch\/fr\/wp-json\/wp\/v2\/product_tag?post=70152"}],"curies":[{"name":"wp","href":"https:\/\/api.w.org\/{rel}","templated":true}]}}