{"id":69219,"date":"2023-06-23T02:11:06","date_gmt":"2023-06-23T00:11:06","guid":{"rendered":"https:\/\/chmedica.ch\/prodotto\/rape-double-face-24-cm-poignee-en-metal\/"},"modified":"2024-01-03T00:07:53","modified_gmt":"2024-01-02T23:07:53","slug":"rape-double-face-24-cm-poignee-en-metal","status":"publish","type":"product","link":"https:\/\/chmedica.ch\/fr\/produit\/rape-double-face-24-cm-poignee-en-metal\/","title":{"rendered":"R\u00c2PE DOUBLE FACE &#8211; 24 cm &#8211; poign\u00e9e en m\u00e9tal"},"content":{"rendered":"","protected":false},"excerpt":{"rendered":"<p>R\u00e2pe double face &#8211; 24 cm &#8211; poign\u00e9e en m\u00e9tal<\/p>\n<p>\u2022 EN ACIER INOX<\/p>\n","protected":false},"featured_media":69213,"template":"","meta":{"_acf_changed":false},"product_brand":[],"product_cat":[1192,866],"product_tag":[],"class_list":{"0":"post-69219","1":"product","2":"type-product","3":"status-publish","4":"has-post-thumbnail","6":"product_cat-instrumentation-podo-esthetique","7":"product_cat-instruments-chirurgicaux","9":"first","10":"onbackorder","11":"taxable","12":"shipping-taxable","13":"purchasable","14":"product-type-simple"},"acf":{"fornitore":"GIMA","standard_accessori":"","unita_misura":"1 pz."},"_links":{"self":[{"href":"https:\/\/chmedica.ch\/fr\/wp-json\/wp\/v2\/product\/69219","targetHints":{"allow":["GET"]}}],"collection":[{"href":"https:\/\/chmedica.ch\/fr\/wp-json\/wp\/v2\/product"}],"about":[{"href":"https:\/\/chmedica.ch\/fr\/wp-json\/wp\/v2\/types\/product"}],"wp:featuredmedia":[{"embeddable":true,"href":"https:\/\/chmedica.ch\/fr\/wp-json\/wp\/v2\/media\/69213"}],"wp:attachment":[{"href":"https:\/\/chmedica.ch\/fr\/wp-json\/wp\/v2\/media?parent=69219"}],"wp:term":[{"taxonomy":"product_brand","embeddable":true,"href":"https:\/\/chmedica.ch\/fr\/wp-json\/wp\/v2\/product_brand?post=69219"},{"taxonomy":"product_cat","embeddable":true,"href":"https:\/\/chmedica.ch\/fr\/wp-json\/wp\/v2\/product_cat?post=69219"},{"taxonomy":"product_tag","embeddable":true,"href":"https:\/\/chmedica.ch\/fr\/wp-json\/wp\/v2\/product_tag?post=69219"}],"curies":[{"name":"wp","href":"https:\/\/api.w.org\/{rel}","templated":true}]}}