{"id":67644,"date":"2023-06-23T01:55:43","date_gmt":"2023-06-22T23:55:43","guid":{"rendered":"https:\/\/chmedica.ch\/prodotto\/trusty-cane-avec-lumiere-led-noir\/"},"modified":"2024-01-03T00:28:14","modified_gmt":"2024-01-02T23:28:14","slug":"trusty-cane-avec-lumiere-led-noir","status":"publish","type":"product","link":"https:\/\/chmedica.ch\/fr\/produit\/trusty-cane-avec-lumiere-led-noir\/","title":{"rendered":"TRUSTY CANE avec lumi\u00e8re LED &#8211; noir"},"content":{"rendered":"","protected":false},"excerpt":{"rendered":"<p>TRUSTY CANE &#8211; noir<\/p>\n<p>Canne solide et pliante \u00e9quip\u00e9e de lumi\u00e8re et large base tournante \u00e0 trois pieds stables anti-glissement.<\/p>\n<p>Hauteur r\u00e9glable 85-97 cm.<br \/>\nLarge base \u00d8 9 cm.<br \/>\nCorps en aluminium (\u00e9paisseur 1,2 mm).<br \/>\nPoign\u00e9e en ABS (15 cm).<br \/>\nPoids 420 g.<br \/>\nFonctionne avec 3 batteries AAA 1,5 V, non comprises.<\/p>\n<p>3 lumi\u00e8res LED comprises, 1 en avant et 2 vers le bas pour \u00e9clairer la route<br \/>\nLarge base tournante \u00e0 360\u00b0 degr\u00e9s<br \/>\n4 articulations pliantes<br \/>\n3 pieds stables anti-glissement<\/p>\n","protected":false},"featured_media":67608,"template":"","meta":{"_acf_changed":false},"product_brand":[],"product_cat":[848,1326],"product_tag":[],"class_list":{"0":"post-67644","1":"product","2":"type-product","3":"status-publish","4":"has-post-thumbnail","6":"product_cat-aides-pour-personnes-handicapees","7":"product_cat-brancards-bequilles","9":"first","10":"onbackorder","11":"taxable","12":"shipping-taxable","13":"purchasable","14":"product-type-simple"},"acf":{"fornitore":"GIMA","standard_accessori":"","unita_misura":"1 pz."},"_links":{"self":[{"href":"https:\/\/chmedica.ch\/fr\/wp-json\/wp\/v2\/product\/67644","targetHints":{"allow":["GET"]}}],"collection":[{"href":"https:\/\/chmedica.ch\/fr\/wp-json\/wp\/v2\/product"}],"about":[{"href":"https:\/\/chmedica.ch\/fr\/wp-json\/wp\/v2\/types\/product"}],"wp:featuredmedia":[{"embeddable":true,"href":"https:\/\/chmedica.ch\/fr\/wp-json\/wp\/v2\/media\/67608"}],"wp:attachment":[{"href":"https:\/\/chmedica.ch\/fr\/wp-json\/wp\/v2\/media?parent=67644"}],"wp:term":[{"taxonomy":"product_brand","embeddable":true,"href":"https:\/\/chmedica.ch\/fr\/wp-json\/wp\/v2\/product_brand?post=67644"},{"taxonomy":"product_cat","embeddable":true,"href":"https:\/\/chmedica.ch\/fr\/wp-json\/wp\/v2\/product_cat?post=67644"},{"taxonomy":"product_tag","embeddable":true,"href":"https:\/\/chmedica.ch\/fr\/wp-json\/wp\/v2\/product_tag?post=67644"}],"curies":[{"name":"wp","href":"https:\/\/api.w.org\/{rel}","templated":true}]}}