{"id":67602,"date":"2023-06-23T01:55:30","date_gmt":"2023-06-22T23:55:30","guid":{"rendered":"https:\/\/chmedica.ch\/prodotto\/canne-avec-lumiere-de-securite-noir\/"},"modified":"2024-01-03T00:28:21","modified_gmt":"2024-01-02T23:28:21","slug":"canne-avec-lumiere-de-securite-noir","status":"publish","type":"product","link":"https:\/\/chmedica.ch\/fr\/produit\/canne-avec-lumiere-de-securite-noir\/","title":{"rendered":"CANNE AVEC LUMIERE DE SECURITE &#8211; noir"},"content":{"rendered":"","protected":false},"excerpt":{"rendered":"<p>Canne avec lumi\u00e8re de s\u00e9curit\u00e9 et alarme.<\/p>\n<p>&#8211; lumi\u00e8re LED blanche frontale ultralumineuse (4 LED) jusqu\u2019\u00e0 15 lumen, avec positions r\u00e9glables<br \/>\n&#8211; flash d\u2019avertissement \u00e0 LED rouge ultralumineux avec 2 LED, jusqu\u2019\u00e0 5 lumen<br \/>\n&#8211; poign\u00e9e en ABS et cadre en aluminium<br \/>\n&#8211; sir\u00e8ne d\u2019alarme 100 dB<br \/>\n&#8211; r\u00e9glable en hauteur: 10 positions de 78 \u00e0 100,5 cm<\/p>\n<p>Marche gr\u00e2ce \u00e0 2 piles AAA, non comprises.<br \/>\nCharge maximale: 110 kg<\/p>\n","protected":false},"featured_media":67584,"template":"","meta":{"_acf_changed":false},"product_brand":[],"product_cat":[848,1326],"product_tag":[],"class_list":{"0":"post-67602","1":"product","2":"type-product","3":"status-publish","4":"has-post-thumbnail","6":"product_cat-aides-pour-personnes-handicapees","7":"product_cat-brancards-bequilles","9":"first","10":"onbackorder","11":"taxable","12":"shipping-taxable","13":"purchasable","14":"product-type-simple"},"acf":{"fornitore":"GIMA","standard_accessori":"","unita_misura":"1 pz."},"_links":{"self":[{"href":"https:\/\/chmedica.ch\/fr\/wp-json\/wp\/v2\/product\/67602","targetHints":{"allow":["GET"]}}],"collection":[{"href":"https:\/\/chmedica.ch\/fr\/wp-json\/wp\/v2\/product"}],"about":[{"href":"https:\/\/chmedica.ch\/fr\/wp-json\/wp\/v2\/types\/product"}],"wp:featuredmedia":[{"embeddable":true,"href":"https:\/\/chmedica.ch\/fr\/wp-json\/wp\/v2\/media\/67584"}],"wp:attachment":[{"href":"https:\/\/chmedica.ch\/fr\/wp-json\/wp\/v2\/media?parent=67602"}],"wp:term":[{"taxonomy":"product_brand","embeddable":true,"href":"https:\/\/chmedica.ch\/fr\/wp-json\/wp\/v2\/product_brand?post=67602"},{"taxonomy":"product_cat","embeddable":true,"href":"https:\/\/chmedica.ch\/fr\/wp-json\/wp\/v2\/product_cat?post=67602"},{"taxonomy":"product_tag","embeddable":true,"href":"https:\/\/chmedica.ch\/fr\/wp-json\/wp\/v2\/product_tag?post=67602"}],"curies":[{"name":"wp","href":"https:\/\/api.w.org\/{rel}","templated":true}]}}