{"id":67326,"date":"2023-06-23T01:53:35","date_gmt":"2023-06-22T23:53:35","guid":{"rendered":"https:\/\/chmedica.ch\/prodotto\/bequilles-evolution-rouge-gris\/"},"modified":"2024-01-03T00:29:48","modified_gmt":"2024-01-02T23:29:48","slug":"bequilles-evolution-rouge-gris","status":"publish","type":"product","link":"https:\/\/chmedica.ch\/fr\/produit\/bequilles-evolution-rouge-gris\/","title":{"rendered":"B\u00c9QUILLES EVOLUTION &#8211; rouge\/gris"},"content":{"rendered":"<p>\u2022 Poids: 0,5 kg<br \/>\n\u2022 Hauteur de la poign\u00e9e au sol: 76-101 cm<br \/>\n\u2022 Mat\u00e9riau de la poign\u00e9e: polypropyl\u00e8ne<br \/>\n\u2022 Diam\u00e8tre du tube sup\u00e9rieur\/inf\u00e9rieur: 22\/19 mm<br \/>\n\u2022 R\u00e9glage de la hauteur: r\u00e9glable 10 fois tous les 20 mm<br \/>\n\u2022 Finition\/mat\u00e9riau: gris anodis\u00e9\/aluminium<br \/>\n\u2022 Poids certifi\u00e9 jusqu\u2019\u00e0: 130 kg<br \/>\n\u2022 EN ISO 11334-1<br \/>\n\u2022 Dimensions poign\u00e9e (\u00d8 x l x h): 35 x 100 x 235 mm<\/p>\n","protected":false},"excerpt":{"rendered":"<p>Poign\u00e9e ergonomique et appui brachial pour une plus grande s\u00e9curit\u00e9 et un soutien de qualit\u00e9 en mouvement.<\/p>\n","protected":false},"featured_media":67314,"template":"","meta":{"_acf_changed":false},"product_brand":[],"product_cat":[848,1326],"product_tag":[],"class_list":{"0":"post-67326","1":"product","2":"type-product","3":"status-publish","4":"has-post-thumbnail","6":"product_cat-aides-pour-personnes-handicapees","7":"product_cat-brancards-bequilles","9":"first","10":"onbackorder","11":"taxable","12":"shipping-taxable","13":"purchasable","14":"product-type-simple"},"acf":{"fornitore":"GIMA","standard_accessori":"","unita_misura":"1 paio"},"_links":{"self":[{"href":"https:\/\/chmedica.ch\/fr\/wp-json\/wp\/v2\/product\/67326","targetHints":{"allow":["GET"]}}],"collection":[{"href":"https:\/\/chmedica.ch\/fr\/wp-json\/wp\/v2\/product"}],"about":[{"href":"https:\/\/chmedica.ch\/fr\/wp-json\/wp\/v2\/types\/product"}],"wp:featuredmedia":[{"embeddable":true,"href":"https:\/\/chmedica.ch\/fr\/wp-json\/wp\/v2\/media\/67314"}],"wp:attachment":[{"href":"https:\/\/chmedica.ch\/fr\/wp-json\/wp\/v2\/media?parent=67326"}],"wp:term":[{"taxonomy":"product_brand","embeddable":true,"href":"https:\/\/chmedica.ch\/fr\/wp-json\/wp\/v2\/product_brand?post=67326"},{"taxonomy":"product_cat","embeddable":true,"href":"https:\/\/chmedica.ch\/fr\/wp-json\/wp\/v2\/product_cat?post=67326"},{"taxonomy":"product_tag","embeddable":true,"href":"https:\/\/chmedica.ch\/fr\/wp-json\/wp\/v2\/product_tag?post=67326"}],"curies":[{"name":"wp","href":"https:\/\/api.w.org\/{rel}","templated":true}]}}