{"id":67302,"date":"2023-06-23T01:53:25","date_gmt":"2023-06-22T23:53:25","guid":{"rendered":"https:\/\/chmedica.ch\/prodotto\/bequilles-tiki-bleu-orange\/"},"modified":"2024-01-03T00:29:55","modified_gmt":"2024-01-02T23:29:55","slug":"bequilles-tiki-bleu-orange","status":"publish","type":"product","link":"https:\/\/chmedica.ch\/fr\/produit\/bequilles-tiki-bleu-orange\/","title":{"rendered":"B\u00c9QUILLES TIKI &#8211; bleu\/orange"},"content":{"rendered":"<p>Poids kg: 0,35<br \/>\nHauteur de la poign\u00e9e au sol cm: 55-77<br \/>\nMat\u00e9riau de la poign\u00e9e: Polypropyl\u00e8ne<br \/>\nDiam\u00e8tre du tube sup.\/inf. mm: 22\/19<br \/>\nR\u00e9glages de la hauteur: r\u00e9glable 10 fois tous les 20 mm<br \/>\nFinition\/mat\u00e9riau: gris\/aluminium anodis\u00e9<br \/>\nCertifi\u00e9es et essay\u00e9es jusqu&rsquo;\u00e0 kg: 100<br \/>\nNorme utilis\u00e9e pour test: E N ISO 11334-1<br \/>\nPoign\u00e9e r\u00e9glable: 3 fois<br \/>\nDimensions poign\u00e9e: \u00d8 x l x h mm 32x100x160\/210<\/p>\n","protected":false},"excerpt":{"rendered":"<p>Pour enfants ou adolescents. La poign\u00e9e est ajustable de 17,5 \u00e0 20 cm.<\/p>\n","protected":false},"featured_media":67296,"template":"","meta":{"_acf_changed":false},"product_brand":[],"product_cat":[848,1326],"product_tag":[],"class_list":{"0":"post-67302","1":"product","2":"type-product","3":"status-publish","4":"has-post-thumbnail","6":"product_cat-aides-pour-personnes-handicapees","7":"product_cat-brancards-bequilles","9":"first","10":"onbackorder","11":"taxable","12":"shipping-taxable","13":"purchasable","14":"product-type-simple"},"acf":{"fornitore":"GIMA","standard_accessori":"","unita_misura":"1 paio"},"_links":{"self":[{"href":"https:\/\/chmedica.ch\/fr\/wp-json\/wp\/v2\/product\/67302","targetHints":{"allow":["GET"]}}],"collection":[{"href":"https:\/\/chmedica.ch\/fr\/wp-json\/wp\/v2\/product"}],"about":[{"href":"https:\/\/chmedica.ch\/fr\/wp-json\/wp\/v2\/types\/product"}],"wp:featuredmedia":[{"embeddable":true,"href":"https:\/\/chmedica.ch\/fr\/wp-json\/wp\/v2\/media\/67296"}],"wp:attachment":[{"href":"https:\/\/chmedica.ch\/fr\/wp-json\/wp\/v2\/media?parent=67302"}],"wp:term":[{"taxonomy":"product_brand","embeddable":true,"href":"https:\/\/chmedica.ch\/fr\/wp-json\/wp\/v2\/product_brand?post=67302"},{"taxonomy":"product_cat","embeddable":true,"href":"https:\/\/chmedica.ch\/fr\/wp-json\/wp\/v2\/product_cat?post=67302"},{"taxonomy":"product_tag","embeddable":true,"href":"https:\/\/chmedica.ch\/fr\/wp-json\/wp\/v2\/product_tag?post=67302"}],"curies":[{"name":"wp","href":"https:\/\/api.w.org\/{rel}","templated":true}]}}